{"id":1210435,"date":"2022-10-17T07:34:08","date_gmt":"2022-10-17T07:34:08","guid":{"rendered":"https:\/\/universeproduction.eu\/product\/inspire-polo-women_\/"},"modified":"2022-10-17T07:34:08","modified_gmt":"2022-10-17T07:34:08","slug":"inspire-polo-women_","status":"publish","type":"product","link":"https:\/\/universeproduction.com\/de\/produkt\/inspire-polo-women_\/","title":{"rendered":"Inspire Polo \/Women_\u00b0"},"content":{"rendered":"<p>Piqu\u00e9 aus 100% ringgesponnener Bio-Baumwolle | Vorgeschrumpft | Weiches Handgef\u00fchl | \u201eB&amp;C No Neck-Etikett\u201c | Kragen und B\u00fcndchen aus 1&#215;1 Ripp-Strick | Farblich abgestimmte Kn\u00f6pfe | Nackenband aus identischem Material | Moderner Schnitt | Seitenn\u00e4hte | Ebenm\u00e4\u00dfige Oberfl\u00e4che | B&amp;C Collection ist Mitglied der Fair Wear Foundation<\/p>\n","protected":false},"excerpt":{"rendered":"<p>Piqu\u00e9 aus 100% ringgesponnener Bio-Baumwolle | Vorgeschrumpft | Weiches Handgef\u00fchl | \u201eB&amp;C No Neck-Etikett\u201c | Kragen und B\u00fcndchen aus 1&#215;1 Ripp-Strick | Farblich abgestimmte Kn\u00f6pfe | Nackenband aus identischem Material | Moderner Schnitt | Seitenn\u00e4hte | Ebenm\u00e4\u00dfige Oberfl\u00e4che | B&amp;C Collection ist Mitglied der Fair Wear Foundation<\/p>\n","protected":false},"featured_media":769262,"template":"","meta":[],"product_cat":[99841,100486],"product_tag":[],"_links":{"self":[{"href":"https:\/\/universeproduction.com\/de\/wp-json\/wp\/v2\/product\/1210435"}],"collection":[{"href":"https:\/\/universeproduction.com\/de\/wp-json\/wp\/v2\/product"}],"about":[{"href":"https:\/\/universeproduction.com\/de\/wp-json\/wp\/v2\/types\/product"}],"wp:featuredmedia":[{"embeddable":true,"href":"https:\/\/universeproduction.com\/de\/wp-json\/wp\/v2\/media\/769262"}],"wp:attachment":[{"href":"https:\/\/universeproduction.com\/de\/wp-json\/wp\/v2\/media?parent=1210435"}],"wp:term":[{"taxonomy":"product_cat","embeddable":true,"href":"https:\/\/universeproduction.com\/de\/wp-json\/wp\/v2\/product_cat?post=1210435"},{"taxonomy":"product_tag","embeddable":true,"href":"https:\/\/universeproduction.com\/de\/wp-json\/wp\/v2\/product_tag?post=1210435"}],"curies":[{"name":"wp","href":"https:\/\/api.w.org\/{rel}","templated":true}]}}