{"id":1209235,"date":"2022-10-17T05:57:19","date_gmt":"2022-10-17T05:57:19","guid":{"rendered":"https:\/\/universeproduction.eu\/product\/claire-long-sleeve-women\/"},"modified":"2022-10-17T05:57:19","modified_gmt":"2022-10-17T05:57:19","slug":"claire-long-sleeve-women","status":"publish","type":"product","link":"https:\/\/universeproduction.com\/de\/produkt\/claire-long-sleeve-women\/","title":{"rendered":"Claire Long Sleeve Women"},"content":{"rendered":"<p>95% gek\u00e4mmte Ringspinn-Baumwolle \/ 5% Elasthan | Single-Jersey, \u201eFull-Feeder\u201c | Schmaler Kragen | Verst\u00e4rkte Schulternaht | Kontrastfarbenes Nackenband | Schmaler \u00c4rmelsaum | Weiter, moderner Halsausschnitt | Kleines Gr\u00f6\u00dfenetikett im Nacken | Pflegeetikett in der Seitennaht | Seitenn\u00e4hte | Body Fit | Waschbar bis 40 \u00b0C<\/p>\n","protected":false},"excerpt":{"rendered":"<p>95% gek\u00e4mmte Ringspinn-Baumwolle \/ 5% Elasthan | Single-Jersey, \u201eFull-Feeder\u201c | Schmaler Kragen | Verst\u00e4rkte Schulternaht | Kontrastfarbenes Nackenband | Schmaler \u00c4rmelsaum | Weiter, moderner Halsausschnitt | Kleines Gr\u00f6\u00dfenetikett im Nacken | Pflegeetikett in der Seitennaht | Seitenn\u00e4hte | Body Fit | Waschbar bis 40 \u00b0C<\/p>\n","protected":false},"featured_media":1159017,"template":"","meta":[],"product_cat":[99841,100490,100489],"product_tag":[],"_links":{"self":[{"href":"https:\/\/universeproduction.com\/de\/wp-json\/wp\/v2\/product\/1209235"}],"collection":[{"href":"https:\/\/universeproduction.com\/de\/wp-json\/wp\/v2\/product"}],"about":[{"href":"https:\/\/universeproduction.com\/de\/wp-json\/wp\/v2\/types\/product"}],"wp:featuredmedia":[{"embeddable":true,"href":"https:\/\/universeproduction.com\/de\/wp-json\/wp\/v2\/media\/1159017"}],"wp:attachment":[{"href":"https:\/\/universeproduction.com\/de\/wp-json\/wp\/v2\/media?parent=1209235"}],"wp:term":[{"taxonomy":"product_cat","embeddable":true,"href":"https:\/\/universeproduction.com\/de\/wp-json\/wp\/v2\/product_cat?post=1209235"},{"taxonomy":"product_tag","embeddable":true,"href":"https:\/\/universeproduction.com\/de\/wp-json\/wp\/v2\/product_tag?post=1209235"}],"curies":[{"name":"wp","href":"https:\/\/api.w.org\/{rel}","templated":true}]}}