{"id":1208178,"date":"2022-10-14T12:47:05","date_gmt":"2022-10-14T12:47:05","guid":{"rendered":"https:\/\/universeproduction.eu\/product\/ladies-v-neck-knitted-pullover\/"},"modified":"2022-10-14T12:47:05","modified_gmt":"2022-10-14T12:47:05","slug":"ladies-v-neck-knitted-pullover","status":"publish","type":"product","link":"https:\/\/universeproduction.com\/de\/produkt\/ladies-v-neck-knitted-pullover\/","title":{"rendered":"Ladies\u00b4 V-Neck Knitted Pullover"},"content":{"rendered":"<ul>\n<li>Cotton Blend&#x2122; | Pflegeleichtes CottonBlend&#x2122; Material, das die leichten Trageeigenschaften von Baumwolle mit der Weichheit, W\u00e4rme und Unempfindlichkeit von Polyacryl verbindet | Elasthan im Bund und an den \u00c4rmelb\u00fcndchen h\u00e4lt die Form und sorgt f\u00fcr einen gepflegten Look | Zeitgem\u00e4\u00dfer Schnitt | In weitem Gr\u00f6\u00dfenspektrum verf\u00fcgbar | Waschbar bis 40 \u00b0C und trocknergeeignet | Schnell trocknend und pflegeleicht<\/li>\n<\/ul>\n","protected":false},"excerpt":{"rendered":"<p>Cotton Blend&#x2122; | Pflegeleichtes CottonBlend&#x2122; Material, das die leichten Trageeigenschaften von Baumwolle mit der Weichheit, W\u00e4rme und Unempfindlichkeit von Polyacryl verbindet | Elasthan im Bund und an den \u00c4rmelb\u00fcndchen h\u00e4lt die Form und sorgt f\u00fcr einen gepflegten Look | Zeitgem\u00e4\u00dfer Schnitt | In weitem Gr\u00f6\u00dfenspektrum verf\u00fcgbar | Waschbar bis 40 \u00b0C und trocknergeeignet | Schnell [&hellip;]<\/p>\n","protected":false},"featured_media":1156264,"template":"","meta":[],"product_cat":[99841,100488],"product_tag":[],"_links":{"self":[{"href":"https:\/\/universeproduction.com\/de\/wp-json\/wp\/v2\/product\/1208178"}],"collection":[{"href":"https:\/\/universeproduction.com\/de\/wp-json\/wp\/v2\/product"}],"about":[{"href":"https:\/\/universeproduction.com\/de\/wp-json\/wp\/v2\/types\/product"}],"wp:featuredmedia":[{"embeddable":true,"href":"https:\/\/universeproduction.com\/de\/wp-json\/wp\/v2\/media\/1156264"}],"wp:attachment":[{"href":"https:\/\/universeproduction.com\/de\/wp-json\/wp\/v2\/media?parent=1208178"}],"wp:term":[{"taxonomy":"product_cat","embeddable":true,"href":"https:\/\/universeproduction.com\/de\/wp-json\/wp\/v2\/product_cat?post=1208178"},{"taxonomy":"product_tag","embeddable":true,"href":"https:\/\/universeproduction.com\/de\/wp-json\/wp\/v2\/product_tag?post=1208178"}],"curies":[{"name":"wp","href":"https:\/\/api.w.org\/{rel}","templated":true}]}}