{"id":1207938,"date":"2022-10-14T12:23:58","date_gmt":"2022-10-14T12:23:58","guid":{"rendered":"https:\/\/universeproduction.eu\/product\/claire-crew-neck-women\/"},"modified":"2022-10-14T12:23:58","modified_gmt":"2022-10-14T12:23:58","slug":"claire-crew-neck-women","status":"publish","type":"product","link":"https:\/\/universeproduction.com\/de\/produkt\/claire-crew-neck-women\/","title":{"rendered":"Claire Crew Neck Women"},"content":{"rendered":"<p>95% gek\u00e4mmte, ringgesponnene Baumwolle \/ 5% Elasthan | Single-Jersey, \u201eFull-Feeder\u201c | Weiter, moderner Halsausschnitt | Schmaler Kragen | Kontrastfarbenes Nackenband | Schmaler \u00c4rmelsaum | Verst\u00e4rkte Schulternaht | Pflegeetikett in der Seitennaht | Kleines Gr\u00f6\u00dfenetikett im Nacken | Seitenn\u00e4hte | Waschbar bis 40 \u00b0C | Body Fit<\/p>\n","protected":false},"excerpt":{"rendered":"<p>95% gek\u00e4mmte, ringgesponnene Baumwolle \/ 5% Elasthan | Single-Jersey, \u201eFull-Feeder\u201c | Weiter, moderner Halsausschnitt | Schmaler Kragen | Kontrastfarbenes Nackenband | Schmaler \u00c4rmelsaum | Verst\u00e4rkte Schulternaht | Pflegeetikett in der Seitennaht | Kleines Gr\u00f6\u00dfenetikett im Nacken | Seitenn\u00e4hte | Waschbar bis 40 \u00b0C | Body Fit<\/p>\n","protected":false},"featured_media":1156057,"template":"","meta":[],"product_cat":[99841,100491,100489],"product_tag":[],"_links":{"self":[{"href":"https:\/\/universeproduction.com\/de\/wp-json\/wp\/v2\/product\/1207938"}],"collection":[{"href":"https:\/\/universeproduction.com\/de\/wp-json\/wp\/v2\/product"}],"about":[{"href":"https:\/\/universeproduction.com\/de\/wp-json\/wp\/v2\/types\/product"}],"wp:featuredmedia":[{"embeddable":true,"href":"https:\/\/universeproduction.com\/de\/wp-json\/wp\/v2\/media\/1156057"}],"wp:attachment":[{"href":"https:\/\/universeproduction.com\/de\/wp-json\/wp\/v2\/media?parent=1207938"}],"wp:term":[{"taxonomy":"product_cat","embeddable":true,"href":"https:\/\/universeproduction.com\/de\/wp-json\/wp\/v2\/product_cat?post=1207938"},{"taxonomy":"product_tag","embeddable":true,"href":"https:\/\/universeproduction.com\/de\/wp-json\/wp\/v2\/product_tag?post=1207938"}],"curies":[{"name":"wp","href":"https:\/\/api.w.org\/{rel}","templated":true}]}}