{"id":1207896,"date":"2022-10-14T12:23:34","date_gmt":"2022-10-14T12:23:34","guid":{"rendered":"https:\/\/universeproduction.eu\/product\/claire-v-neck-women\/"},"modified":"2022-10-14T12:23:34","modified_gmt":"2022-10-14T12:23:34","slug":"claire-v-neck-women","status":"publish","type":"product","link":"https:\/\/universeproduction.com\/de\/produkt\/claire-v-neck-women\/","title":{"rendered":"Claire V-Neck Women"},"content":{"rendered":"<p>95% gek\u00e4mmte, ringgesponnene Baumwolle \/ 5% Elasthan | Single-Jersey, \u201eFull-Feeder\u201c | Kontrastfarbenes Nackenband | Verst\u00e4rkte Schulternaht | Schmaler Kragen | Schmaler \u00c4rmelsaum | Weiter, moderner Halsausschnitt | Kleines Gr\u00f6\u00dfenetikett im Nacken | Pflegeetikett in der Seitennaht | Seitenn\u00e4hte | Waschbar bis 40 \u00b0C | Body Fit<\/p>\n","protected":false},"excerpt":{"rendered":"<p>95% gek\u00e4mmte, ringgesponnene Baumwolle \/ 5% Elasthan | Single-Jersey, \u201eFull-Feeder\u201c | Kontrastfarbenes Nackenband | Verst\u00e4rkte Schulternaht | Schmaler Kragen | Schmaler \u00c4rmelsaum | Weiter, moderner Halsausschnitt | Kleines Gr\u00f6\u00dfenetikett im Nacken | Pflegeetikett in der Seitennaht | Seitenn\u00e4hte | Waschbar bis 40 \u00b0C | Body Fit<\/p>\n","protected":false},"featured_media":1156093,"template":"","meta":[],"product_cat":[99841,100491,100489],"product_tag":[],"_links":{"self":[{"href":"https:\/\/universeproduction.com\/de\/wp-json\/wp\/v2\/product\/1207896"}],"collection":[{"href":"https:\/\/universeproduction.com\/de\/wp-json\/wp\/v2\/product"}],"about":[{"href":"https:\/\/universeproduction.com\/de\/wp-json\/wp\/v2\/types\/product"}],"wp:featuredmedia":[{"embeddable":true,"href":"https:\/\/universeproduction.com\/de\/wp-json\/wp\/v2\/media\/1156093"}],"wp:attachment":[{"href":"https:\/\/universeproduction.com\/de\/wp-json\/wp\/v2\/media?parent=1207896"}],"wp:term":[{"taxonomy":"product_cat","embeddable":true,"href":"https:\/\/universeproduction.com\/de\/wp-json\/wp\/v2\/product_cat?post=1207896"},{"taxonomy":"product_tag","embeddable":true,"href":"https:\/\/universeproduction.com\/de\/wp-json\/wp\/v2\/product_tag?post=1207896"}],"curies":[{"name":"wp","href":"https:\/\/api.w.org\/{rel}","templated":true}]}}