{"id":1207635,"date":"2022-10-14T11:35:59","date_gmt":"2022-10-14T11:35:59","guid":{"rendered":"https:\/\/universeproduction.eu\/product\/womens-t-back-tank-top-moka\/"},"modified":"2022-10-14T11:35:59","modified_gmt":"2022-10-14T11:35:59","slug":"womens-t-back-tank-top-moka","status":"publish","type":"product","link":"https:\/\/universeproduction.com\/de\/produkt\/womens-t-back-tank-top-moka\/","title":{"rendered":"Women\u00b4s T-Back Tank Top Moka"},"content":{"rendered":"<p>100 % gek\u00e4mmte Ringspun-Baumwolle | T-Back-Top | Unten abgerundet | Geschnitten und gen\u00e4ht | Loose Fit | Gr\u00f6\u00dfenlabel ohne Markenbranding im Nacken | Sheer-Jersey, sehr weich und modisch<\/p>\n","protected":false},"excerpt":{"rendered":"<p>100 % gek\u00e4mmte Ringspun-Baumwolle | T-Back-Top | Unten abgerundet | Geschnitten und gen\u00e4ht | Loose Fit | Gr\u00f6\u00dfenlabel ohne Markenbranding im Nacken | Sheer-Jersey, sehr weich und modisch<\/p>\n","protected":false},"featured_media":961820,"template":"","meta":[],"product_cat":[100492,99841,100489],"product_tag":[],"_links":{"self":[{"href":"https:\/\/universeproduction.com\/de\/wp-json\/wp\/v2\/product\/1207635"}],"collection":[{"href":"https:\/\/universeproduction.com\/de\/wp-json\/wp\/v2\/product"}],"about":[{"href":"https:\/\/universeproduction.com\/de\/wp-json\/wp\/v2\/types\/product"}],"wp:featuredmedia":[{"embeddable":true,"href":"https:\/\/universeproduction.com\/de\/wp-json\/wp\/v2\/media\/961820"}],"wp:attachment":[{"href":"https:\/\/universeproduction.com\/de\/wp-json\/wp\/v2\/media?parent=1207635"}],"wp:term":[{"taxonomy":"product_cat","embeddable":true,"href":"https:\/\/universeproduction.com\/de\/wp-json\/wp\/v2\/product_cat?post=1207635"},{"taxonomy":"product_tag","embeddable":true,"href":"https:\/\/universeproduction.com\/de\/wp-json\/wp\/v2\/product_tag?post=1207635"}],"curies":[{"name":"wp","href":"https:\/\/api.w.org\/{rel}","templated":true}]}}