{"id":1207542,"date":"2022-10-14T11:33:30","date_gmt":"2022-10-14T11:33:30","guid":{"rendered":"https:\/\/universeproduction.eu\/product\/inspire-tank-t-women_\/"},"modified":"2022-10-14T11:33:30","modified_gmt":"2022-10-14T11:33:30","slug":"inspire-tank-t-women_","status":"publish","type":"product","link":"https:\/\/universeproduction.com\/de\/produkt\/inspire-tank-t-women_\/","title":{"rendered":"Inspire Tank T \/Women_\u00b0"},"content":{"rendered":"<p>100% gek\u00e4mmte, ringgesponnene Bio-Baumwolle | \u201eB&amp;C No Neck-Etikett\u201c | Lockere, feminine Passform | Schmaler, im selben Material eingefasster Kragen | Weicher Bio-Jersey | Weiche und ebenm\u00e4\u00dfige Oberfl\u00e4che | B&amp;C Collection ist Mitglied der Fair Wear Foundation<\/p>\n","protected":false},"excerpt":{"rendered":"<p>100% gek\u00e4mmte, ringgesponnene Bio-Baumwolle | \u201eB&amp;C No Neck-Etikett\u201c | Lockere, feminine Passform | Schmaler, im selben Material eingefasster Kragen | Weicher Bio-Jersey | Weiche und ebenm\u00e4\u00dfige Oberfl\u00e4che | B&amp;C Collection ist Mitglied der Fair Wear Foundation<\/p>\n","protected":false},"featured_media":1152535,"template":"","meta":[],"product_cat":[100492,99841,100489],"product_tag":[],"_links":{"self":[{"href":"https:\/\/universeproduction.com\/de\/wp-json\/wp\/v2\/product\/1207542"}],"collection":[{"href":"https:\/\/universeproduction.com\/de\/wp-json\/wp\/v2\/product"}],"about":[{"href":"https:\/\/universeproduction.com\/de\/wp-json\/wp\/v2\/types\/product"}],"wp:featuredmedia":[{"embeddable":true,"href":"https:\/\/universeproduction.com\/de\/wp-json\/wp\/v2\/media\/1152535"}],"wp:attachment":[{"href":"https:\/\/universeproduction.com\/de\/wp-json\/wp\/v2\/media?parent=1207542"}],"wp:term":[{"taxonomy":"product_cat","embeddable":true,"href":"https:\/\/universeproduction.com\/de\/wp-json\/wp\/v2\/product_cat?post=1207542"},{"taxonomy":"product_tag","embeddable":true,"href":"https:\/\/universeproduction.com\/de\/wp-json\/wp\/v2\/product_tag?post=1207542"}],"curies":[{"name":"wp","href":"https:\/\/api.w.org\/{rel}","templated":true}]}}