{"id":1207499,"date":"2022-10-14T11:20:03","date_gmt":"2022-10-14T11:20:03","guid":{"rendered":"https:\/\/universeproduction.eu\/product\/ladies-softstyle-tank-top\/"},"modified":"2022-10-14T11:20:03","modified_gmt":"2022-10-14T11:20:03","slug":"ladies-softstyle-tank-top","status":"publish","type":"product","link":"https:\/\/universeproduction.com\/de\/produkt\/ladies-softstyle-tank-top\/","title":{"rendered":"Ladies\u00b4 Softstyle\u00ae Tank Top"},"content":{"rendered":"<p>Ringgesponnene Baumwolle | Weiches, ringgesponnenes Material | Hohe Nahtdichte f\u00fcr eine glattere Druckoberfl\u00e4che | Ripp-Strick-Besatz an Halsausschnitt und \u00c4rmeln | Unterer Saum mit Doppelnaht | Tailliert, Seitenn\u00e4hte | Heraustrennbares Etikett<\/p>\n","protected":false},"excerpt":{"rendered":"<p>Ringgesponnene Baumwolle | Weiches, ringgesponnenes Material | Hohe Nahtdichte f\u00fcr eine glattere Druckoberfl\u00e4che | Ripp-Strick-Besatz an Halsausschnitt und \u00c4rmeln | Unterer Saum mit Doppelnaht | Tailliert, Seitenn\u00e4hte | Heraustrennbares Etikett<\/p>\n","protected":false},"featured_media":1152463,"template":"","meta":[],"product_cat":[100492,99841,100489],"product_tag":[],"_links":{"self":[{"href":"https:\/\/universeproduction.com\/de\/wp-json\/wp\/v2\/product\/1207499"}],"collection":[{"href":"https:\/\/universeproduction.com\/de\/wp-json\/wp\/v2\/product"}],"about":[{"href":"https:\/\/universeproduction.com\/de\/wp-json\/wp\/v2\/types\/product"}],"wp:featuredmedia":[{"embeddable":true,"href":"https:\/\/universeproduction.com\/de\/wp-json\/wp\/v2\/media\/1152463"}],"wp:attachment":[{"href":"https:\/\/universeproduction.com\/de\/wp-json\/wp\/v2\/media?parent=1207499"}],"wp:term":[{"taxonomy":"product_cat","embeddable":true,"href":"https:\/\/universeproduction.com\/de\/wp-json\/wp\/v2\/product_cat?post=1207499"},{"taxonomy":"product_tag","embeddable":true,"href":"https:\/\/universeproduction.com\/de\/wp-json\/wp\/v2\/product_tag?post=1207499"}],"curies":[{"name":"wp","href":"https:\/\/api.w.org\/{rel}","templated":true}]}}