{"id":1207349,"date":"2022-10-14T11:18:52","date_gmt":"2022-10-14T11:18:52","guid":{"rendered":"https:\/\/universeproduction.eu\/product\/ladies-valueweight-vest\/"},"modified":"2022-10-14T11:18:52","modified_gmt":"2022-10-14T11:18:52","slug":"ladies-valueweight-vest","status":"publish","type":"product","link":"https:\/\/universeproduction.com\/de\/produkt\/ladies-valueweight-vest\/","title":{"rendered":"Ladies\u00b4 Valueweight Vest"},"content":{"rendered":"<p>Feminine Passform mit Seitenn\u00e4hten | Gleichfarbig eingefasster Hals- und Armausschnitt | H\u00f6here Maschendichte f\u00fcr verbesserte Bedruckbarkeit<\/p>\n","protected":false},"excerpt":{"rendered":"<p>Feminine Passform mit Seitenn\u00e4hten | Gleichfarbig eingefasster Hals- und Armausschnitt | H\u00f6here Maschendichte f\u00fcr verbesserte Bedruckbarkeit<\/p>\n","protected":false},"featured_media":1224772,"template":"","meta":[],"product_cat":[100492,99841,100489],"product_tag":[],"_links":{"self":[{"href":"https:\/\/universeproduction.com\/de\/wp-json\/wp\/v2\/product\/1207349"}],"collection":[{"href":"https:\/\/universeproduction.com\/de\/wp-json\/wp\/v2\/product"}],"about":[{"href":"https:\/\/universeproduction.com\/de\/wp-json\/wp\/v2\/types\/product"}],"wp:featuredmedia":[{"embeddable":true,"href":"https:\/\/universeproduction.com\/de\/wp-json\/wp\/v2\/media\/1224772"}],"wp:attachment":[{"href":"https:\/\/universeproduction.com\/de\/wp-json\/wp\/v2\/media?parent=1207349"}],"wp:term":[{"taxonomy":"product_cat","embeddable":true,"href":"https:\/\/universeproduction.com\/de\/wp-json\/wp\/v2\/product_cat?post=1207349"},{"taxonomy":"product_tag","embeddable":true,"href":"https:\/\/universeproduction.com\/de\/wp-json\/wp\/v2\/product_tag?post=1207349"}],"curies":[{"name":"wp","href":"https:\/\/api.w.org\/{rel}","templated":true}]}}