{"id":1206922,"date":"2022-10-14T09:23:50","date_gmt":"2022-10-14T09:23:50","guid":{"rendered":"https:\/\/universeproduction.eu\/product\/womens-raglan-colour-t-milky\/"},"modified":"2022-10-14T09:23:50","modified_gmt":"2022-10-14T09:23:50","slug":"womens-raglan-colour-t-milky","status":"publish","type":"product","link":"https:\/\/universeproduction.com\/de\/produkt\/womens-raglan-colour-t-milky\/","title":{"rendered":"Women\u00b4s Raglan Colour-T Milky"},"content":{"rendered":"<p>Verst\u00e4rkendes Nackenband | Ripp-Kragen mit Elasthan-Anteil | Raglan-\u00c4rmel | Geschnitten und gen\u00e4ht | Halbgek\u00e4mmte Ringspun-Baumwolle<\/p>\n","protected":false},"excerpt":{"rendered":"<p>Verst\u00e4rkendes Nackenband | Ripp-Kragen mit Elasthan-Anteil | Raglan-\u00c4rmel | Geschnitten und gen\u00e4ht | Halbgek\u00e4mmte Ringspun-Baumwolle<\/p>\n","protected":false},"featured_media":1224775,"template":"","meta":[],"product_cat":[99841,100491,100489],"product_tag":[],"_links":{"self":[{"href":"https:\/\/universeproduction.com\/de\/wp-json\/wp\/v2\/product\/1206922"}],"collection":[{"href":"https:\/\/universeproduction.com\/de\/wp-json\/wp\/v2\/product"}],"about":[{"href":"https:\/\/universeproduction.com\/de\/wp-json\/wp\/v2\/types\/product"}],"wp:featuredmedia":[{"embeddable":true,"href":"https:\/\/universeproduction.com\/de\/wp-json\/wp\/v2\/media\/1224775"}],"wp:attachment":[{"href":"https:\/\/universeproduction.com\/de\/wp-json\/wp\/v2\/media?parent=1206922"}],"wp:term":[{"taxonomy":"product_cat","embeddable":true,"href":"https:\/\/universeproduction.com\/de\/wp-json\/wp\/v2\/product_cat?post=1206922"},{"taxonomy":"product_tag","embeddable":true,"href":"https:\/\/universeproduction.com\/de\/wp-json\/wp\/v2\/product_tag?post=1206922"}],"curies":[{"name":"wp","href":"https:\/\/api.w.org\/{rel}","templated":true}]}}