{"id":1206434,"date":"2022-10-14T09:23:34","date_gmt":"2022-10-14T09:23:34","guid":{"rendered":"https:\/\/universeproduction.eu\/product\/ladies-valueweight-v-neck-t\/"},"modified":"2022-10-14T09:23:34","modified_gmt":"2022-10-14T09:23:34","slug":"ladies-valueweight-v-neck-t","status":"publish","type":"product","link":"https:\/\/universeproduction.com\/de\/produkt\/ladies-valueweight-v-neck-t\/","title":{"rendered":"Ladies\u00b4 Valueweight V Neck T"},"content":{"rendered":"<p>V-Ausschnitt mit Baumwolle\/Lycra\u00ae Ripp | Gleichfarbiges Nackenband | Feminine Passform mit Seitenn\u00e4hten | H\u00f6here Maschendichte f\u00fcr verbesserte Bedruckbarkeit<\/p>\n","protected":false},"excerpt":{"rendered":"<p>V-Ausschnitt mit Baumwolle\/Lycra\u00ae Ripp | Gleichfarbiges Nackenband | Feminine Passform mit Seitenn\u00e4hten | H\u00f6here Maschendichte f\u00fcr verbesserte Bedruckbarkeit<\/p>\n","protected":false},"featured_media":858172,"template":"","meta":[],"product_cat":[99841,100491,100489],"product_tag":[],"_links":{"self":[{"href":"https:\/\/universeproduction.com\/de\/wp-json\/wp\/v2\/product\/1206434"}],"collection":[{"href":"https:\/\/universeproduction.com\/de\/wp-json\/wp\/v2\/product"}],"about":[{"href":"https:\/\/universeproduction.com\/de\/wp-json\/wp\/v2\/types\/product"}],"wp:featuredmedia":[{"embeddable":true,"href":"https:\/\/universeproduction.com\/de\/wp-json\/wp\/v2\/media\/858172"}],"wp:attachment":[{"href":"https:\/\/universeproduction.com\/de\/wp-json\/wp\/v2\/media?parent=1206434"}],"wp:term":[{"taxonomy":"product_cat","embeddable":true,"href":"https:\/\/universeproduction.com\/de\/wp-json\/wp\/v2\/product_cat?post=1206434"},{"taxonomy":"product_tag","embeddable":true,"href":"https:\/\/universeproduction.com\/de\/wp-json\/wp\/v2\/product_tag?post=1206434"}],"curies":[{"name":"wp","href":"https:\/\/api.w.org\/{rel}","templated":true}]}}