{"id":1206174,"date":"2022-10-14T09:23:30","date_gmt":"2022-10-14T09:23:30","guid":{"rendered":"https:\/\/universeproduction.eu\/product\/inspire-v-t-women_\/"},"modified":"2022-10-14T09:23:30","modified_gmt":"2022-10-14T09:23:30","slug":"inspire-v-t-women_","status":"publish","type":"product","link":"https:\/\/universeproduction.com\/de\/produkt\/inspire-v-t-women_\/","title":{"rendered":"Inspire V T \/Women_\u00b0"},"content":{"rendered":"<p>100% gek\u00e4mmte, ringgesponnene Bio-Baumwolle | Die Kragenn\u00e4hte sind mit einem weichen Kantenband verst\u00e4rkt | Seitenn\u00e4hte sorgen f\u00fcr eine optimale Passform | Medium Fit | Schmaler, mitteltiefer V-Ausschnitt aus Ripp-Strick f\u00fcr eine moderne, aktuelle Optik | Neutrales Gr\u00f6\u00dfenlabel ohne Branding | B&amp;C Collection ist Mitglied der Fair Wear Foundation<\/p>\n","protected":false},"excerpt":{"rendered":"<p>100% gek\u00e4mmte, ringgesponnene Bio-Baumwolle | Die Kragenn\u00e4hte sind mit einem weichen Kantenband verst\u00e4rkt | Seitenn\u00e4hte sorgen f\u00fcr eine optimale Passform | Medium Fit | Schmaler, mitteltiefer V-Ausschnitt aus Ripp-Strick f\u00fcr eine moderne, aktuelle Optik | Neutrales Gr\u00f6\u00dfenlabel ohne Branding | B&amp;C Collection ist Mitglied der Fair Wear Foundation<\/p>\n","protected":false},"featured_media":782532,"template":"","meta":[],"product_cat":[99841,100491,100489],"product_tag":[],"_links":{"self":[{"href":"https:\/\/universeproduction.com\/de\/wp-json\/wp\/v2\/product\/1206174"}],"collection":[{"href":"https:\/\/universeproduction.com\/de\/wp-json\/wp\/v2\/product"}],"about":[{"href":"https:\/\/universeproduction.com\/de\/wp-json\/wp\/v2\/types\/product"}],"wp:featuredmedia":[{"embeddable":true,"href":"https:\/\/universeproduction.com\/de\/wp-json\/wp\/v2\/media\/782532"}],"wp:attachment":[{"href":"https:\/\/universeproduction.com\/de\/wp-json\/wp\/v2\/media?parent=1206174"}],"wp:term":[{"taxonomy":"product_cat","embeddable":true,"href":"https:\/\/universeproduction.com\/de\/wp-json\/wp\/v2\/product_cat?post=1206174"},{"taxonomy":"product_tag","embeddable":true,"href":"https:\/\/universeproduction.com\/de\/wp-json\/wp\/v2\/product_tag?post=1206174"}],"curies":[{"name":"wp","href":"https:\/\/api.w.org\/{rel}","templated":true}]}}