{"id":1206071,"date":"2022-10-14T09:23:24","date_gmt":"2022-10-14T09:23:24","guid":{"rendered":"https:\/\/universeproduction.eu\/product\/the-boyfriend-t\/"},"modified":"2022-10-14T09:23:24","modified_gmt":"2022-10-14T09:23:24","slug":"the-boyfriend-t","status":"publish","type":"product","link":"https:\/\/universeproduction.com\/de\/produkt\/the-boyfriend-t\/","title":{"rendered":"The Boyfriend T"},"content":{"rendered":"<p>Zertifizierung als Bio-Baumwolle in Arbeit | Tief angesetzte \u00c4rmel | Gerollte \u00c4rmel | Entspannter Schnitt | Gerader Saum | Abrei\u00dfetikett<\/p>\n","protected":false},"excerpt":{"rendered":"<p>Zertifizierung als Bio-Baumwolle in Arbeit | Tief angesetzte \u00c4rmel | Gerollte \u00c4rmel | Entspannter Schnitt | Gerader Saum | Abrei\u00dfetikett<\/p>\n","protected":false},"featured_media":1224784,"template":"","meta":[],"product_cat":[99841,100491,100489],"product_tag":[],"_links":{"self":[{"href":"https:\/\/universeproduction.com\/de\/wp-json\/wp\/v2\/product\/1206071"}],"collection":[{"href":"https:\/\/universeproduction.com\/de\/wp-json\/wp\/v2\/product"}],"about":[{"href":"https:\/\/universeproduction.com\/de\/wp-json\/wp\/v2\/types\/product"}],"wp:featuredmedia":[{"embeddable":true,"href":"https:\/\/universeproduction.com\/de\/wp-json\/wp\/v2\/media\/1224784"}],"wp:attachment":[{"href":"https:\/\/universeproduction.com\/de\/wp-json\/wp\/v2\/media?parent=1206071"}],"wp:term":[{"taxonomy":"product_cat","embeddable":true,"href":"https:\/\/universeproduction.com\/de\/wp-json\/wp\/v2\/product_cat?post=1206071"},{"taxonomy":"product_tag","embeddable":true,"href":"https:\/\/universeproduction.com\/de\/wp-json\/wp\/v2\/product_tag?post=1206071"}],"curies":[{"name":"wp","href":"https:\/\/api.w.org\/{rel}","templated":true}]}}