{"id":1204858,"date":"2022-10-14T09:23:02","date_gmt":"2022-10-14T09:23:02","guid":{"rendered":"https:\/\/universeproduction.eu\/product\/womens-t-shirt-marylin\/"},"modified":"2022-10-14T09:23:02","modified_gmt":"2022-10-14T09:23:02","slug":"womens-t-shirt-marylin","status":"publish","type":"product","link":"https:\/\/universeproduction.com\/de\/produkt\/womens-t-shirt-marylin\/","title":{"rendered":"Women\u00b4s T-Shirt Marylin"},"content":{"rendered":"<p>Ringgesponnene Baumwolle | Doppeln\u00e4hte an \u00c4rmeln und Saum | Kimono-\u00c4rmel | Sheer-Jersey | Verst\u00e4rkendes Nackenband | Weiter Jersey-Kragen<\/p>\n","protected":false},"excerpt":{"rendered":"<p>Ringgesponnene Baumwolle | Doppeln\u00e4hte an \u00c4rmeln und Saum | Kimono-\u00c4rmel | Sheer-Jersey | Verst\u00e4rkendes Nackenband | Weiter Jersey-Kragen<\/p>\n","protected":false},"featured_media":960058,"template":"","meta":[],"product_cat":[99841,100491,100489],"product_tag":[],"_links":{"self":[{"href":"https:\/\/universeproduction.com\/de\/wp-json\/wp\/v2\/product\/1204858"}],"collection":[{"href":"https:\/\/universeproduction.com\/de\/wp-json\/wp\/v2\/product"}],"about":[{"href":"https:\/\/universeproduction.com\/de\/wp-json\/wp\/v2\/types\/product"}],"wp:featuredmedia":[{"embeddable":true,"href":"https:\/\/universeproduction.com\/de\/wp-json\/wp\/v2\/media\/960058"}],"wp:attachment":[{"href":"https:\/\/universeproduction.com\/de\/wp-json\/wp\/v2\/media?parent=1204858"}],"wp:term":[{"taxonomy":"product_cat","embeddable":true,"href":"https:\/\/universeproduction.com\/de\/wp-json\/wp\/v2\/product_cat?post=1204858"},{"taxonomy":"product_tag","embeddable":true,"href":"https:\/\/universeproduction.com\/de\/wp-json\/wp\/v2\/product_tag?post=1204858"}],"curies":[{"name":"wp","href":"https:\/\/api.w.org\/{rel}","templated":true}]}}