{"id":1203893,"date":"2022-10-14T09:22:36","date_gmt":"2022-10-14T09:22:36","guid":{"rendered":"https:\/\/universeproduction.eu\/product\/womens-capri-t-shirt\/"},"modified":"2022-10-14T09:22:36","modified_gmt":"2022-10-14T09:22:36","slug":"womens-capri-t-shirt","status":"publish","type":"product","link":"https:\/\/universeproduction.com\/de\/produkt\/womens-capri-t-shirt\/","title":{"rendered":"Women\u00b4s Capri T-Shirt"},"content":{"rendered":"<p>Z kr\u00f3tkim r\u0119kawem | Pr\u0105\u017ckowany (1&#215;1), okr\u0105g\u0142y dekolt | Bardzo w\u0105ski fason | Wzmocnione, kryte szwy na karku | Odrywana metka<\/p>\n","protected":false},"excerpt":{"rendered":"<p>Z kr\u00f3tkim r\u0119kawem | Pr\u0105\u017ckowany (1&#215;1), okr\u0105g\u0142y dekolt | Bardzo w\u0105ski fason | Wzmocnione, kryte szwy na karku | Odrywana metka<\/p>\n","protected":false},"featured_media":1152472,"template":"","meta":[],"product_cat":[99841,100491,100489],"product_tag":[],"_links":{"self":[{"href":"https:\/\/universeproduction.com\/de\/wp-json\/wp\/v2\/product\/1203893"}],"collection":[{"href":"https:\/\/universeproduction.com\/de\/wp-json\/wp\/v2\/product"}],"about":[{"href":"https:\/\/universeproduction.com\/de\/wp-json\/wp\/v2\/types\/product"}],"wp:featuredmedia":[{"embeddable":true,"href":"https:\/\/universeproduction.com\/de\/wp-json\/wp\/v2\/media\/1152472"}],"wp:attachment":[{"href":"https:\/\/universeproduction.com\/de\/wp-json\/wp\/v2\/media?parent=1203893"}],"wp:term":[{"taxonomy":"product_cat","embeddable":true,"href":"https:\/\/universeproduction.com\/de\/wp-json\/wp\/v2\/product_cat?post=1203893"},{"taxonomy":"product_tag","embeddable":true,"href":"https:\/\/universeproduction.com\/de\/wp-json\/wp\/v2\/product_tag?post=1203893"}],"curies":[{"name":"wp","href":"https:\/\/api.w.org\/{rel}","templated":true}]}}