{"id":1203589,"date":"2022-10-14T09:21:59","date_gmt":"2022-10-14T09:21:59","guid":{"rendered":"https:\/\/universeproduction.eu\/product\/ladies-heavy-cotton-t-shirt\/"},"modified":"2022-10-14T09:21:59","modified_gmt":"2022-10-14T09:21:59","slug":"ladies-heavy-cotton-t-shirt","status":"publish","type":"product","link":"https:\/\/universeproduction.com\/de\/produkt\/ladies-heavy-cotton-t-shirt\/","title":{"rendered":"Ladies\u00b4 Heavy Cotton&#x2122; T-Shirt"},"content":{"rendered":"<p>Klassisch mittelschwerer Stoff | 1,3 cm Ripp-Kragen | Nacken- und Schulterband | Fl\u00fcgel\u00e4rmel | Doppelnaht an \u00c4rmel und Saum | Leicht tailliert, Seitenn\u00e4hte | Heraustrennbares Etikett<\/p>\n","protected":false},"excerpt":{"rendered":"<p>Klassisch mittelschwerer Stoff | 1,3 cm Ripp-Kragen | Nacken- und Schulterband | Fl\u00fcgel\u00e4rmel | Doppelnaht an \u00c4rmel und Saum | Leicht tailliert, Seitenn\u00e4hte | Heraustrennbares Etikett<\/p>\n","protected":false},"featured_media":874489,"template":"","meta":[],"product_cat":[99841,100491,100489],"product_tag":[],"_links":{"self":[{"href":"https:\/\/universeproduction.com\/de\/wp-json\/wp\/v2\/product\/1203589"}],"collection":[{"href":"https:\/\/universeproduction.com\/de\/wp-json\/wp\/v2\/product"}],"about":[{"href":"https:\/\/universeproduction.com\/de\/wp-json\/wp\/v2\/types\/product"}],"wp:featuredmedia":[{"embeddable":true,"href":"https:\/\/universeproduction.com\/de\/wp-json\/wp\/v2\/media\/874489"}],"wp:attachment":[{"href":"https:\/\/universeproduction.com\/de\/wp-json\/wp\/v2\/media?parent=1203589"}],"wp:term":[{"taxonomy":"product_cat","embeddable":true,"href":"https:\/\/universeproduction.com\/de\/wp-json\/wp\/v2\/product_cat?post=1203589"},{"taxonomy":"product_tag","embeddable":true,"href":"https:\/\/universeproduction.com\/de\/wp-json\/wp\/v2\/product_tag?post=1203589"}],"curies":[{"name":"wp","href":"https:\/\/api.w.org\/{rel}","templated":true}]}}