{"id":1202935,"date":"2022-10-14T09:21:51","date_gmt":"2022-10-14T09:21:51","guid":{"rendered":"https:\/\/universeproduction.eu\/product\/ladies-premium-cotton-t-shirt\/"},"modified":"2022-10-14T09:21:51","modified_gmt":"2022-10-14T09:21:51","slug":"ladies-premium-cotton-t-shirt","status":"publish","type":"product","link":"https:\/\/universeproduction.com\/de\/produkt\/ladies-premium-cotton-t-shirt\/","title":{"rendered":"Ladies\u00b4 Premium Cotton\u00ae T-Shirt"},"content":{"rendered":"<p>Ringgesponnene Baumwolle | Mittelschweres, weiches, ringgesponnenes Material | 1,2 cm Ripp-Kragen | Nacken- und Schulterband | Doppelnaht an \u00c4rmel und Saum | Leicht tailliert, Seitenn\u00e4hte | Abrei\u00dfetikett<\/p>\n","protected":false},"excerpt":{"rendered":"<p>Ringgesponnene Baumwolle | Mittelschweres, weiches, ringgesponnenes Material | 1,2 cm Ripp-Kragen | Nacken- und Schulterband | Doppelnaht an \u00c4rmel und Saum | Leicht tailliert, Seitenn\u00e4hte | Abrei\u00dfetikett<\/p>\n","protected":false},"featured_media":873088,"template":"","meta":[],"product_cat":[99841,100491,100489],"product_tag":[],"_links":{"self":[{"href":"https:\/\/universeproduction.com\/de\/wp-json\/wp\/v2\/product\/1202935"}],"collection":[{"href":"https:\/\/universeproduction.com\/de\/wp-json\/wp\/v2\/product"}],"about":[{"href":"https:\/\/universeproduction.com\/de\/wp-json\/wp\/v2\/types\/product"}],"wp:featuredmedia":[{"embeddable":true,"href":"https:\/\/universeproduction.com\/de\/wp-json\/wp\/v2\/media\/873088"}],"wp:attachment":[{"href":"https:\/\/universeproduction.com\/de\/wp-json\/wp\/v2\/media?parent=1202935"}],"wp:term":[{"taxonomy":"product_cat","embeddable":true,"href":"https:\/\/universeproduction.com\/de\/wp-json\/wp\/v2\/product_cat?post=1202935"},{"taxonomy":"product_tag","embeddable":true,"href":"https:\/\/universeproduction.com\/de\/wp-json\/wp\/v2\/product_tag?post=1202935"}],"curies":[{"name":"wp","href":"https:\/\/api.w.org\/{rel}","templated":true}]}}