{"id":1201500,"date":"2022-10-14T09:21:33","date_gmt":"2022-10-14T09:21:33","guid":{"rendered":"https:\/\/universeproduction.eu\/product\/ladies-valueweight-t\/"},"modified":"2022-10-14T09:21:33","modified_gmt":"2022-10-14T09:21:33","slug":"ladies-valueweight-t","status":"publish","type":"product","link":"https:\/\/universeproduction.com\/de\/produkt\/ladies-valueweight-t\/","title":{"rendered":"Ladies\u00b4 Valueweight T"},"content":{"rendered":"<p>Rundhalsausschnitt mit Baumwolle\/Lycra\u00ae Ripp | Gleichfarbiges Nackenband | Feminine Passform mit Seitenn\u00e4hten | H\u00f6here Maschendichte f\u00fcr verbesserte Bedruckbarkeit | ValueweightTs<\/p>\n","protected":false},"excerpt":{"rendered":"<p>Rundhalsausschnitt mit Baumwolle\/Lycra\u00ae Ripp | Gleichfarbiges Nackenband | Feminine Passform mit Seitenn\u00e4hten | H\u00f6here Maschendichte f\u00fcr verbesserte Bedruckbarkeit | ValueweightTs<\/p>\n","protected":false},"featured_media":858740,"template":"","meta":[],"product_cat":[99841,100491,100489],"product_tag":[],"_links":{"self":[{"href":"https:\/\/universeproduction.com\/de\/wp-json\/wp\/v2\/product\/1201500"}],"collection":[{"href":"https:\/\/universeproduction.com\/de\/wp-json\/wp\/v2\/product"}],"about":[{"href":"https:\/\/universeproduction.com\/de\/wp-json\/wp\/v2\/types\/product"}],"wp:featuredmedia":[{"embeddable":true,"href":"https:\/\/universeproduction.com\/de\/wp-json\/wp\/v2\/media\/858740"}],"wp:attachment":[{"href":"https:\/\/universeproduction.com\/de\/wp-json\/wp\/v2\/media?parent=1201500"}],"wp:term":[{"taxonomy":"product_cat","embeddable":true,"href":"https:\/\/universeproduction.com\/de\/wp-json\/wp\/v2\/product_cat?post=1201500"},{"taxonomy":"product_tag","embeddable":true,"href":"https:\/\/universeproduction.com\/de\/wp-json\/wp\/v2\/product_tag?post=1201500"}],"curies":[{"name":"wp","href":"https:\/\/api.w.org\/{rel}","templated":true}]}}