{"id":1200615,"date":"2022-10-14T09:20:47","date_gmt":"2022-10-14T09:20:47","guid":{"rendered":"https:\/\/universeproduction.eu\/product\/womens-t-shirt-e190\/"},"modified":"2022-10-14T09:20:47","modified_gmt":"2022-10-14T09:20:47","slug":"womens-t-shirt-e190","status":"publish","type":"product","link":"https:\/\/universeproduction.com\/de\/produkt\/womens-t-shirt-e190\/","title":{"rendered":"Women\u00b4s T-Shirt #E190"},"content":{"rendered":"<p>100% einlaufvorbehandelte, ringgesponnene Baumwolle | Kurz\u00e4rmeliges Damen-T-Shirt in zeitgem\u00e4\u00dfem Look | Moderne Mainstream-Passform | Seitenn\u00e4hte | D\u00fcnne Kragenrippe | Satin-Label | 100% Ringspinn-Baumwolle | Vorgeschrumpft | Single-Jersey | Widerstandsf\u00e4hige Qualit\u00e4t | Weiche und ebenm\u00e4\u00dfige Oberfl\u00e4che | B&amp;C Collection ist Mitglied der Fair Wear Foundation<\/p>\n","protected":false},"excerpt":{"rendered":"<p>100% einlaufvorbehandelte, ringgesponnene Baumwolle | Kurz\u00e4rmeliges Damen-T-Shirt in zeitgem\u00e4\u00dfem Look | Moderne Mainstream-Passform | Seitenn\u00e4hte | D\u00fcnne Kragenrippe | Satin-Label | 100% Ringspinn-Baumwolle | Vorgeschrumpft | Single-Jersey | Widerstandsf\u00e4hige Qualit\u00e4t | Weiche und ebenm\u00e4\u00dfige Oberfl\u00e4che | B&amp;C Collection ist Mitglied der Fair Wear Foundation<\/p>\n","protected":false},"featured_media":782572,"template":"","meta":[],"product_cat":[99841,100491,100489],"product_tag":[],"_links":{"self":[{"href":"https:\/\/universeproduction.com\/de\/wp-json\/wp\/v2\/product\/1200615"}],"collection":[{"href":"https:\/\/universeproduction.com\/de\/wp-json\/wp\/v2\/product"}],"about":[{"href":"https:\/\/universeproduction.com\/de\/wp-json\/wp\/v2\/types\/product"}],"wp:featuredmedia":[{"embeddable":true,"href":"https:\/\/universeproduction.com\/de\/wp-json\/wp\/v2\/media\/782572"}],"wp:attachment":[{"href":"https:\/\/universeproduction.com\/de\/wp-json\/wp\/v2\/media?parent=1200615"}],"wp:term":[{"taxonomy":"product_cat","embeddable":true,"href":"https:\/\/universeproduction.com\/de\/wp-json\/wp\/v2\/product_cat?post=1200615"},{"taxonomy":"product_tag","embeddable":true,"href":"https:\/\/universeproduction.com\/de\/wp-json\/wp\/v2\/product_tag?post=1200615"}],"curies":[{"name":"wp","href":"https:\/\/api.w.org\/{rel}","templated":true}]}}