{"id":1197082,"date":"2022-10-14T09:15:22","date_gmt":"2022-10-14T09:15:22","guid":{"rendered":"https:\/\/universeproduction.eu\/product\/womens-imperial-t-shirt\/"},"modified":"2022-10-14T09:15:22","modified_gmt":"2022-10-14T09:15:22","slug":"womens-imperial-t-shirt","status":"publish","type":"product","link":"https:\/\/universeproduction.com\/de\/produkt\/womens-imperial-t-shirt\/","title":{"rendered":"Women\u00b4s Imperial T-Shirt"},"content":{"rendered":"<p>Ta\u015bma wzmacniaj\u0105ca na karku | Pr\u0105\u017ckowany dekolt. Szwy boczne | P\u00f3\u0142 szczotkowana bawe\u0142na ring-spun<\/p>\n","protected":false},"excerpt":{"rendered":"<p>Ta\u015bma wzmacniaj\u0105ca na karku | Pr\u0105\u017ckowany dekolt. Szwy boczne | P\u00f3\u0142 szczotkowana bawe\u0142na ring-spun<\/p>\n","protected":false},"featured_media":1224806,"template":"","meta":[],"product_cat":[99841,100491,100489],"product_tag":[],"_links":{"self":[{"href":"https:\/\/universeproduction.com\/de\/wp-json\/wp\/v2\/product\/1197082"}],"collection":[{"href":"https:\/\/universeproduction.com\/de\/wp-json\/wp\/v2\/product"}],"about":[{"href":"https:\/\/universeproduction.com\/de\/wp-json\/wp\/v2\/types\/product"}],"wp:featuredmedia":[{"embeddable":true,"href":"https:\/\/universeproduction.com\/de\/wp-json\/wp\/v2\/media\/1224806"}],"wp:attachment":[{"href":"https:\/\/universeproduction.com\/de\/wp-json\/wp\/v2\/media?parent=1197082"}],"wp:term":[{"taxonomy":"product_cat","embeddable":true,"href":"https:\/\/universeproduction.com\/de\/wp-json\/wp\/v2\/product_cat?post=1197082"},{"taxonomy":"product_tag","embeddable":true,"href":"https:\/\/universeproduction.com\/de\/wp-json\/wp\/v2\/product_tag?post=1197082"}],"curies":[{"name":"wp","href":"https:\/\/api.w.org\/{rel}","templated":true}]}}