{"id":1195734,"date":"2022-10-14T09:11:23","date_gmt":"2022-10-14T09:11:23","guid":{"rendered":"https:\/\/universeproduction.eu\/product\/ladies-softstyle-t-shirt\/"},"modified":"2022-10-14T09:11:23","modified_gmt":"2022-10-14T09:11:23","slug":"ladies-softstyle-t-shirt","status":"publish","type":"product","link":"https:\/\/universeproduction.com\/de\/produkt\/ladies-softstyle-t-shirt\/","title":{"rendered":"Ladies\u00b4 Softstyle\u00ae T-Shirt"},"content":{"rendered":"<p>Ringgesponnene Baumwolle | Weiches, ringgesponnenes Material | Hohe Nahtdichte f\u00fcr eine glattere Druckoberfl\u00e4che | 1,3 cm Ripp-Kragen | Nacken- und Schulterband | Kurze Fl\u00fcgel\u00e4rmel | Doppelnaht an \u00c4rmel und Saum | Tailliert, Seitenn\u00e4hte | Heraustrennbares Etikett<\/p>\n","protected":false},"excerpt":{"rendered":"<p>Ringgesponnene Baumwolle | Weiches, ringgesponnenes Material | Hohe Nahtdichte f\u00fcr eine glattere Druckoberfl\u00e4che | 1,3 cm Ripp-Kragen | Nacken- und Schulterband | Kurze Fl\u00fcgel\u00e4rmel | Doppelnaht an \u00c4rmel und Saum | Tailliert, Seitenn\u00e4hte | Heraustrennbares Etikett<\/p>\n","protected":false},"featured_media":1224812,"template":"","meta":[],"product_cat":[99841,100491,100489],"product_tag":[],"_links":{"self":[{"href":"https:\/\/universeproduction.com\/de\/wp-json\/wp\/v2\/product\/1195734"}],"collection":[{"href":"https:\/\/universeproduction.com\/de\/wp-json\/wp\/v2\/product"}],"about":[{"href":"https:\/\/universeproduction.com\/de\/wp-json\/wp\/v2\/types\/product"}],"wp:featuredmedia":[{"embeddable":true,"href":"https:\/\/universeproduction.com\/de\/wp-json\/wp\/v2\/media\/1224812"}],"wp:attachment":[{"href":"https:\/\/universeproduction.com\/de\/wp-json\/wp\/v2\/media?parent=1195734"}],"wp:term":[{"taxonomy":"product_cat","embeddable":true,"href":"https:\/\/universeproduction.com\/de\/wp-json\/wp\/v2\/product_cat?post=1195734"},{"taxonomy":"product_tag","embeddable":true,"href":"https:\/\/universeproduction.com\/de\/wp-json\/wp\/v2\/product_tag?post=1195734"}],"curies":[{"name":"wp","href":"https:\/\/api.w.org\/{rel}","templated":true}]}}