{"id":1194116,"date":"2022-10-12T08:46:50","date_gmt":"2022-10-12T08:46:50","guid":{"rendered":"https:\/\/universeproduction.eu\/product\/mens-long-sleeve-fitted-stretch-shirt\/"},"modified":"2022-10-12T08:46:50","modified_gmt":"2022-10-12T08:46:50","slug":"mens-long-sleeve-fitted-stretch-shirt","status":"publish","type":"product","link":"https:\/\/universeproduction.com\/de\/produkt\/mens-long-sleeve-fitted-stretch-shirt\/","title":{"rendered":"Men\u00b4s Long Sleeve Fitted Stretch Shirt"},"content":{"rendered":"<p>Modisch k\u00f6rperbetontes Hemd | Gek\u00e4mmte Baumwolle | Pflegeleichtes Stretchmaterial | Eleganter, halb ausgestellter Kragen | 7-Knopfleiste mit farblich abgestimmten Kn\u00f6pfen | Abgeschr\u00e4gte, doppelt gekn\u00f6pfte Manschetten, dazu ein Knopf auf dem Manschettenaufschlag | Abgerundeter Saum | Ersatzknopf<\/p>\n","protected":false},"excerpt":{"rendered":"<p>Modisch k\u00f6rperbetontes Hemd | Gek\u00e4mmte Baumwolle | Pflegeleichtes Stretchmaterial | Eleganter, halb ausgestellter Kragen | 7-Knopfleiste mit farblich abgestimmten Kn\u00f6pfen | Abgeschr\u00e4gte, doppelt gekn\u00f6pfte Manschetten, dazu ein Knopf auf dem Manschettenaufschlag | Abgerundeter Saum | Ersatzknopf<\/p>\n","protected":false},"featured_media":1151084,"template":"","meta":[],"product_cat":[100476,99838],"product_tag":[],"_links":{"self":[{"href":"https:\/\/universeproduction.com\/de\/wp-json\/wp\/v2\/product\/1194116"}],"collection":[{"href":"https:\/\/universeproduction.com\/de\/wp-json\/wp\/v2\/product"}],"about":[{"href":"https:\/\/universeproduction.com\/de\/wp-json\/wp\/v2\/types\/product"}],"wp:featuredmedia":[{"embeddable":true,"href":"https:\/\/universeproduction.com\/de\/wp-json\/wp\/v2\/media\/1151084"}],"wp:attachment":[{"href":"https:\/\/universeproduction.com\/de\/wp-json\/wp\/v2\/media?parent=1194116"}],"wp:term":[{"taxonomy":"product_cat","embeddable":true,"href":"https:\/\/universeproduction.com\/de\/wp-json\/wp\/v2\/product_cat?post=1194116"},{"taxonomy":"product_tag","embeddable":true,"href":"https:\/\/universeproduction.com\/de\/wp-json\/wp\/v2\/product_tag?post=1194116"}],"curies":[{"name":"wp","href":"https:\/\/api.w.org\/{rel}","templated":true}]}}