{"id":1193902,"date":"2022-10-12T08:12:07","date_gmt":"2022-10-12T08:12:07","guid":{"rendered":"https:\/\/universeproduction.eu\/product\/mens-nano-bodywarmer\/"},"modified":"2022-10-12T08:12:07","modified_gmt":"2022-10-12T08:12:07","slug":"mens-nano-bodywarmer","status":"publish","type":"product","link":"https:\/\/universeproduction.com\/de\/produkt\/mens-nano-bodywarmer\/","title":{"rendered":"Men\u00b4s Nano Bodywarmer"},"content":{"rendered":"<p>Hoch belastbares DWR-Gewebe mit Aquapel von Nanotex\u00ae behandelt | Fluor- und PFC-frei | Nachhaltige Wattierung von Dupont&#x2122; Sorona\u00ae | Stehkragen mit Kinnschutz und Windschutzblende gegen Wind und Zugluft | Kontrastfarbene Rei\u00dfverschl\u00fcsse, Innenfutter und Details f\u00fcr eine edle Optik | Zwei Seitentaschen und eine Innentasche mit Rei\u00dfverschluss | Diskreter Veredelungszugang im inneren, linken Brustbereich | Verstellbarer Saum mit Kordelzug<\/p>\n","protected":false},"excerpt":{"rendered":"<p>Hoch belastbares DWR-Gewebe mit Aquapel von Nanotex\u00ae behandelt | Fluor- und PFC-frei | Nachhaltige Wattierung von Dupont&#x2122; Sorona\u00ae | Stehkragen mit Kinnschutz und Windschutzblende gegen Wind und Zugluft | Kontrastfarbene Rei\u00dfverschl\u00fcsse, Innenfutter und Details f\u00fcr eine edle Optik | Zwei Seitentaschen und eine Innentasche mit Rei\u00dfverschluss | Diskreter Veredelungszugang im inneren, linken Brustbereich | Verstellbarer [&hellip;]<\/p>\n","protected":false},"featured_media":1150676,"template":"","meta":[],"product_cat":[99838,100479],"product_tag":[],"_links":{"self":[{"href":"https:\/\/universeproduction.com\/de\/wp-json\/wp\/v2\/product\/1193902"}],"collection":[{"href":"https:\/\/universeproduction.com\/de\/wp-json\/wp\/v2\/product"}],"about":[{"href":"https:\/\/universeproduction.com\/de\/wp-json\/wp\/v2\/types\/product"}],"wp:featuredmedia":[{"embeddable":true,"href":"https:\/\/universeproduction.com\/de\/wp-json\/wp\/v2\/media\/1150676"}],"wp:attachment":[{"href":"https:\/\/universeproduction.com\/de\/wp-json\/wp\/v2\/media?parent=1193902"}],"wp:term":[{"taxonomy":"product_cat","embeddable":true,"href":"https:\/\/universeproduction.com\/de\/wp-json\/wp\/v2\/product_cat?post=1193902"},{"taxonomy":"product_tag","embeddable":true,"href":"https:\/\/universeproduction.com\/de\/wp-json\/wp\/v2\/product_tag?post=1193902"}],"curies":[{"name":"wp","href":"https:\/\/api.w.org\/{rel}","templated":true}]}}