{"id":1193230,"date":"2022-10-12T08:06:29","date_gmt":"2022-10-12T08:06:29","guid":{"rendered":"https:\/\/universeproduction.eu\/product\/bodywarmer\/"},"modified":"2022-10-12T08:06:29","modified_gmt":"2022-10-12T08:06:29","slug":"bodywarmer","status":"publish","type":"product","link":"https:\/\/universeproduction.com\/de\/produkt\/bodywarmer\/","title":{"rendered":"Bodywarmer"},"content":{"rendered":"<p>Au\u00dfen: 100% Polyester mit AC Beschichtung | F\u00fcllung: 160 g\/m\u00b2 Polyester | Wasserabweisend, winddicht, schnell trocknend | Durchgehender Front-Rei\u00dfverschluss | Tief geschnittene \u00c4rmell\u00f6cher f\u00fcr zus\u00e4tzlichen Komfort | Zwei Fronttaschen, eine Innentasche | Ideal in Kombination mit Fleece-Artikeln | Modisch geschnittene R\u00fcckseite<\/p>\n","protected":false},"excerpt":{"rendered":"<p>Au\u00dfen: 100% Polyester mit AC Beschichtung | F\u00fcllung: 160 g\/m\u00b2 Polyester | Wasserabweisend, winddicht, schnell trocknend | Durchgehender Front-Rei\u00dfverschluss | Tief geschnittene \u00c4rmell\u00f6cher f\u00fcr zus\u00e4tzlichen Komfort | Zwei Fronttaschen, eine Innentasche | Ideal in Kombination mit Fleece-Artikeln | Modisch geschnittene R\u00fcckseite<\/p>\n","protected":false},"featured_media":1165305,"template":"","meta":[],"product_cat":[99838,100479],"product_tag":[],"_links":{"self":[{"href":"https:\/\/universeproduction.com\/de\/wp-json\/wp\/v2\/product\/1193230"}],"collection":[{"href":"https:\/\/universeproduction.com\/de\/wp-json\/wp\/v2\/product"}],"about":[{"href":"https:\/\/universeproduction.com\/de\/wp-json\/wp\/v2\/types\/product"}],"wp:featuredmedia":[{"embeddable":true,"href":"https:\/\/universeproduction.com\/de\/wp-json\/wp\/v2\/media\/1165305"}],"wp:attachment":[{"href":"https:\/\/universeproduction.com\/de\/wp-json\/wp\/v2\/media?parent=1193230"}],"wp:term":[{"taxonomy":"product_cat","embeddable":true,"href":"https:\/\/universeproduction.com\/de\/wp-json\/wp\/v2\/product_cat?post=1193230"},{"taxonomy":"product_tag","embeddable":true,"href":"https:\/\/universeproduction.com\/de\/wp-json\/wp\/v2\/product_tag?post=1193230"}],"curies":[{"name":"wp","href":"https:\/\/api.w.org\/{rel}","templated":true}]}}