{"id":1192977,"date":"2022-10-12T06:58:26","date_gmt":"2022-10-12T06:58:26","guid":{"rendered":"https:\/\/universeproduction.eu\/product\/nylon-bomber-jacket\/"},"modified":"2022-10-12T06:58:26","modified_gmt":"2022-10-12T06:58:26","slug":"nylon-bomber-jacket","status":"publish","type":"product","link":"https:\/\/universeproduction.com\/de\/produkt\/nylon-bomber-jacket\/","title":{"rendered":"Nylon Bomber Jacket"},"content":{"rendered":"<p>Neutrales Gr\u00f6\u00dfenlabel ohne Branding | F\u00fcr Nackendruck geeignet | Ripp-B\u00fcndchen an Saum und \u00c4rmel\u00f6ffnung | Seitentaschen oberhalb des Saums | Modischer Bomberjacken-Style | Typische Bomberpocket am linken \u00c4rmel<\/p>\n","protected":false},"excerpt":{"rendered":"<p>Neutrales Gr\u00f6\u00dfenlabel ohne Branding | F\u00fcr Nackendruck geeignet | Ripp-B\u00fcndchen an Saum und \u00c4rmel\u00f6ffnung | Seitentaschen oberhalb des Saums | Modischer Bomberjacken-Style | Typische Bomberpocket am linken \u00c4rmel<\/p>\n","protected":false},"featured_media":1150567,"template":"","meta":[],"product_cat":[99838,100472],"product_tag":[],"_links":{"self":[{"href":"https:\/\/universeproduction.com\/de\/wp-json\/wp\/v2\/product\/1192977"}],"collection":[{"href":"https:\/\/universeproduction.com\/de\/wp-json\/wp\/v2\/product"}],"about":[{"href":"https:\/\/universeproduction.com\/de\/wp-json\/wp\/v2\/types\/product"}],"wp:featuredmedia":[{"embeddable":true,"href":"https:\/\/universeproduction.com\/de\/wp-json\/wp\/v2\/media\/1150567"}],"wp:attachment":[{"href":"https:\/\/universeproduction.com\/de\/wp-json\/wp\/v2\/media?parent=1192977"}],"wp:term":[{"taxonomy":"product_cat","embeddable":true,"href":"https:\/\/universeproduction.com\/de\/wp-json\/wp\/v2\/product_cat?post=1192977"},{"taxonomy":"product_tag","embeddable":true,"href":"https:\/\/universeproduction.com\/de\/wp-json\/wp\/v2\/product_tag?post=1192977"}],"curies":[{"name":"wp","href":"https:\/\/api.w.org\/{rel}","templated":true}]}}