{"id":1192611,"date":"2022-10-12T06:15:25","date_gmt":"2022-10-12T06:15:25","guid":{"rendered":"https:\/\/universeproduction.eu\/product\/mens-full-zip-outdoor-fleece\/"},"modified":"2022-10-12T06:15:25","modified_gmt":"2022-10-12T06:15:25","slug":"mens-full-zip-outdoor-fleece","status":"publish","type":"product","link":"https:\/\/universeproduction.com\/de\/produkt\/mens-full-zip-outdoor-fleece\/","title":{"rendered":"Men\u00b4s Full Zip Outdoor Fleece"},"content":{"rendered":"<p>Das dichte und kompakte Fleece-Material sorgt f\u00fcr minimalen W\u00e4rmeverlust | Extrem glatte Oberfl\u00e4che | Kadettkragen | Kordelzug im Saum | Modularer Schnitt f\u00fcr beste Passform | Antipilling-Fleece | Seitentaschen mit auf links eingen\u00e4hten Rei\u00dfverschl\u00fcssen f\u00fcr beste Optik<\/p>\n","protected":false},"excerpt":{"rendered":"<p>Das dichte und kompakte Fleece-Material sorgt f\u00fcr minimalen W\u00e4rmeverlust | Extrem glatte Oberfl\u00e4che | Kadettkragen | Kordelzug im Saum | Modularer Schnitt f\u00fcr beste Passform | Antipilling-Fleece | Seitentaschen mit auf links eingen\u00e4hten Rei\u00dfverschl\u00fcssen f\u00fcr beste Optik<\/p>\n","protected":false},"featured_media":1150095,"template":"","meta":[],"product_cat":[100469,99838,100468],"product_tag":[],"_links":{"self":[{"href":"https:\/\/universeproduction.com\/de\/wp-json\/wp\/v2\/product\/1192611"}],"collection":[{"href":"https:\/\/universeproduction.com\/de\/wp-json\/wp\/v2\/product"}],"about":[{"href":"https:\/\/universeproduction.com\/de\/wp-json\/wp\/v2\/types\/product"}],"wp:featuredmedia":[{"embeddable":true,"href":"https:\/\/universeproduction.com\/de\/wp-json\/wp\/v2\/media\/1150095"}],"wp:attachment":[{"href":"https:\/\/universeproduction.com\/de\/wp-json\/wp\/v2\/media?parent=1192611"}],"wp:term":[{"taxonomy":"product_cat","embeddable":true,"href":"https:\/\/universeproduction.com\/de\/wp-json\/wp\/v2\/product_cat?post=1192611"},{"taxonomy":"product_tag","embeddable":true,"href":"https:\/\/universeproduction.com\/de\/wp-json\/wp\/v2\/product_tag?post=1192611"}],"curies":[{"name":"wp","href":"https:\/\/api.w.org\/{rel}","templated":true}]}}