{"id":1192161,"date":"2022-10-12T05:59:29","date_gmt":"2022-10-12T05:59:29","guid":{"rendered":"https:\/\/universeproduction.eu\/product\/fashion-fit-outdoor-fleece\/"},"modified":"2022-10-12T05:59:29","modified_gmt":"2022-10-12T05:59:29","slug":"fashion-fit-outdoor-fleece","status":"publish","type":"product","link":"https:\/\/universeproduction.com\/de\/produkt\/fashion-fit-outdoor-fleece\/","title":{"rendered":"Fashion Fit Outdoor Fleece"},"content":{"rendered":"<p>Rei\u00dfverschluss-Tasche seitlich | Taillenbund verstellbar durch elastischen Kordelzug | Angenehmes, weiches Tragegef\u00fchl | Durchgehender Front-Rei\u00dfverschluss | Saum mit Kordelzug-Gr\u00f6\u00dfenverstellung | Doppeln\u00e4hte | Eingefasste \u00c4rmelb\u00fcndchen<\/p>\n","protected":false},"excerpt":{"rendered":"<p>Rei\u00dfverschluss-Tasche seitlich | Taillenbund verstellbar durch elastischen Kordelzug | Angenehmes, weiches Tragegef\u00fchl | Durchgehender Front-Rei\u00dfverschluss | Saum mit Kordelzug-Gr\u00f6\u00dfenverstellung | Doppeln\u00e4hte | Eingefasste \u00c4rmelb\u00fcndchen<\/p>\n","protected":false},"featured_media":1149325,"template":"","meta":[],"product_cat":[100469,99838,100468],"product_tag":[],"_links":{"self":[{"href":"https:\/\/universeproduction.com\/de\/wp-json\/wp\/v2\/product\/1192161"}],"collection":[{"href":"https:\/\/universeproduction.com\/de\/wp-json\/wp\/v2\/product"}],"about":[{"href":"https:\/\/universeproduction.com\/de\/wp-json\/wp\/v2\/types\/product"}],"wp:featuredmedia":[{"embeddable":true,"href":"https:\/\/universeproduction.com\/de\/wp-json\/wp\/v2\/media\/1149325"}],"wp:attachment":[{"href":"https:\/\/universeproduction.com\/de\/wp-json\/wp\/v2\/media?parent=1192161"}],"wp:term":[{"taxonomy":"product_cat","embeddable":true,"href":"https:\/\/universeproduction.com\/de\/wp-json\/wp\/v2\/product_cat?post=1192161"},{"taxonomy":"product_tag","embeddable":true,"href":"https:\/\/universeproduction.com\/de\/wp-json\/wp\/v2\/product_tag?post=1192161"}],"curies":[{"name":"wp","href":"https:\/\/api.w.org\/{rel}","templated":true}]}}