{"id":1190774,"date":"2022-10-11T10:15:09","date_gmt":"2022-10-11T10:15:09","guid":{"rendered":"https:\/\/universeproduction.eu\/product\/varsity-jacket\/"},"modified":"2022-10-11T10:15:09","modified_gmt":"2022-10-11T10:15:09","slug":"varsity-jacket","status":"publish","type":"product","link":"https:\/\/universeproduction.com\/de\/produkt\/varsity-jacket\/","title":{"rendered":"Varsity Jacket"},"content":{"rendered":"<p>Kontrastfarbene \u00c4rmel | Gestrickter Kragen, \u00c4rmelb\u00fcndchen und Bund mit Streifendetails | Druckknopf-Verschluss | Kontrastfarbene Kn\u00f6pfe | Eingesetzte, kontrastfarbene Taschen | Geb\u00fcrstetes Innenvlies | Nackenband | Aufh\u00e4nger im Nacken | Einfaches Abrei\u00dfetikett | Weiches Baumwollgewebe sorgt f\u00fcr eine ideale Druckoberfl\u00e4che<\/p>\n","protected":false},"excerpt":{"rendered":"<p>Kontrastfarbene \u00c4rmel | Gestrickter Kragen, \u00c4rmelb\u00fcndchen und Bund mit Streifendetails | Druckknopf-Verschluss | Kontrastfarbene Kn\u00f6pfe | Eingesetzte, kontrastfarbene Taschen | Geb\u00fcrstetes Innenvlies | Nackenband | Aufh\u00e4nger im Nacken | Einfaches Abrei\u00dfetikett | Weiches Baumwollgewebe sorgt f\u00fcr eine ideale Druckoberfl\u00e4che<\/p>\n","protected":false},"featured_media":1224855,"template":"","meta":[],"product_cat":[99838,100471,100468],"product_tag":[],"_links":{"self":[{"href":"https:\/\/universeproduction.com\/de\/wp-json\/wp\/v2\/product\/1190774"}],"collection":[{"href":"https:\/\/universeproduction.com\/de\/wp-json\/wp\/v2\/product"}],"about":[{"href":"https:\/\/universeproduction.com\/de\/wp-json\/wp\/v2\/types\/product"}],"wp:featuredmedia":[{"embeddable":true,"href":"https:\/\/universeproduction.com\/de\/wp-json\/wp\/v2\/media\/1224855"}],"wp:attachment":[{"href":"https:\/\/universeproduction.com\/de\/wp-json\/wp\/v2\/media?parent=1190774"}],"wp:term":[{"taxonomy":"product_cat","embeddable":true,"href":"https:\/\/universeproduction.com\/de\/wp-json\/wp\/v2\/product_cat?post=1190774"},{"taxonomy":"product_tag","embeddable":true,"href":"https:\/\/universeproduction.com\/de\/wp-json\/wp\/v2\/product_tag?post=1190774"}],"curies":[{"name":"wp","href":"https:\/\/api.w.org\/{rel}","templated":true}]}}