{"id":1190424,"date":"2022-10-11T10:12:04","date_gmt":"2022-10-11T10:12:04","guid":{"rendered":"https:\/\/universeproduction.eu\/product\/lightweight-sweat-jacket\/"},"modified":"2022-10-11T10:12:04","modified_gmt":"2022-10-11T10:12:04","slug":"lightweight-sweat-jacket","status":"publish","type":"product","link":"https:\/\/universeproduction.com\/de\/produkt\/lightweight-sweat-jacket\/","title":{"rendered":"Lightweight Sweat Jacket"},"content":{"rendered":"<p>Lightweight Sweat-Jacke, unbrushed | Raglan-\u00c4rmel | Verdeckter, farblich abgestimmter Kunststoff-Rei\u00dfverschluss | Zwei aufgesetzte Taschen | B\u00fcndchen aus Baumwolle\/Lycra\u00ae Ripp<\/p>\n","protected":false},"excerpt":{"rendered":"<p>Lightweight Sweat-Jacke, unbrushed | Raglan-\u00c4rmel | Verdeckter, farblich abgestimmter Kunststoff-Rei\u00dfverschluss | Zwei aufgesetzte Taschen | B\u00fcndchen aus Baumwolle\/Lycra\u00ae Ripp<\/p>\n","protected":false},"featured_media":1224861,"template":"","meta":[],"product_cat":[99838,100471,100468],"product_tag":[],"_links":{"self":[{"href":"https:\/\/universeproduction.com\/de\/wp-json\/wp\/v2\/product\/1190424"}],"collection":[{"href":"https:\/\/universeproduction.com\/de\/wp-json\/wp\/v2\/product"}],"about":[{"href":"https:\/\/universeproduction.com\/de\/wp-json\/wp\/v2\/types\/product"}],"wp:featuredmedia":[{"embeddable":true,"href":"https:\/\/universeproduction.com\/de\/wp-json\/wp\/v2\/media\/1224861"}],"wp:attachment":[{"href":"https:\/\/universeproduction.com\/de\/wp-json\/wp\/v2\/media?parent=1190424"}],"wp:term":[{"taxonomy":"product_cat","embeddable":true,"href":"https:\/\/universeproduction.com\/de\/wp-json\/wp\/v2\/product_cat?post=1190424"},{"taxonomy":"product_tag","embeddable":true,"href":"https:\/\/universeproduction.com\/de\/wp-json\/wp\/v2\/product_tag?post=1190424"}],"curies":[{"name":"wp","href":"https:\/\/api.w.org\/{rel}","templated":true}]}}