{"id":1189348,"date":"2022-10-11T09:40:05","date_gmt":"2022-10-11T09:40:05","guid":{"rendered":"https:\/\/universeproduction.eu\/product\/cross-neck-hoodie\/"},"modified":"2022-10-11T09:40:05","modified_gmt":"2022-10-11T09:40:05","slug":"cross-neck-hoodie","status":"publish","type":"product","link":"https:\/\/universeproduction.com\/de\/produkt\/cross-neck-hoodie\/","title":{"rendered":"Cross Neck Hoodie"},"content":{"rendered":"<p>Schwerer Kapuzenpulli | \u00dcberkreuz-Nackendetail | Zwillingsnadelstich-Detail | 3-teilige Kapuze aus doppellagigem Gewebe | Flache Zugkordeln | Gerippte \u00c4rmelabschl\u00fcsse und Saum | K\u00e4ngurutasche | Geb\u00fcrstetes Innenvlies | Weiches Baumwollgewebe sorgt f\u00fcr eine ideale Druckoberfl\u00e4che | Leicht heraustrennbares Etikett zum einfachen Umlabeln | Daumenl\u00f6cher an \u00c4rmelb\u00fcndchen<\/p>\n","protected":false},"excerpt":{"rendered":"<p>Schwerer Kapuzenpulli | \u00dcberkreuz-Nackendetail | Zwillingsnadelstich-Detail | 3-teilige Kapuze aus doppellagigem Gewebe | Flache Zugkordeln | Gerippte \u00c4rmelabschl\u00fcsse und Saum | K\u00e4ngurutasche | Geb\u00fcrstetes Innenvlies | Weiches Baumwollgewebe sorgt f\u00fcr eine ideale Druckoberfl\u00e4che | Leicht heraustrennbares Etikett zum einfachen Umlabeln | Daumenl\u00f6cher an \u00c4rmelb\u00fcndchen<\/p>\n","protected":false},"featured_media":1148923,"template":"","meta":[],"product_cat":[99838,100468],"product_tag":[],"_links":{"self":[{"href":"https:\/\/universeproduction.com\/de\/wp-json\/wp\/v2\/product\/1189348"}],"collection":[{"href":"https:\/\/universeproduction.com\/de\/wp-json\/wp\/v2\/product"}],"about":[{"href":"https:\/\/universeproduction.com\/de\/wp-json\/wp\/v2\/types\/product"}],"wp:featuredmedia":[{"embeddable":true,"href":"https:\/\/universeproduction.com\/de\/wp-json\/wp\/v2\/media\/1148923"}],"wp:attachment":[{"href":"https:\/\/universeproduction.com\/de\/wp-json\/wp\/v2\/media?parent=1189348"}],"wp:term":[{"taxonomy":"product_cat","embeddable":true,"href":"https:\/\/universeproduction.com\/de\/wp-json\/wp\/v2\/product_cat?post=1189348"},{"taxonomy":"product_tag","embeddable":true,"href":"https:\/\/universeproduction.com\/de\/wp-json\/wp\/v2\/product_tag?post=1189348"}],"curies":[{"name":"wp","href":"https:\/\/api.w.org\/{rel}","templated":true}]}}