{"id":1186890,"date":"2022-10-11T08:55:57","date_gmt":"2022-10-11T08:55:57","guid":{"rendered":"https:\/\/universeproduction.eu\/product\/heavy-blend-hooded-sweatshirt-2\/"},"modified":"2022-10-20T10:15:16","modified_gmt":"2022-10-20T10:15:16","slug":"heavy-blend-hooded-sweatshirt-2","status":"publish","type":"product","link":"https:\/\/universeproduction.com\/de\/produkt\/heavy-blend-hooded-sweatshirt-2\/","title":{"rendered":"Heavy Blend&#x2122; Hooded Sweatshirt"},"content":{"rendered":"<p>Gesponnenes Garn f\u00fcr ein weiches Tragegef\u00fchl und weniger Pilling | Doppellagige Kapuze mit farblich passendem Kordelzug | Doppeln\u00e4hte an Schultern, Armausschnitt, Kragen, Bund und \u00c4rmelabschluss | Doppelnaht-Beuteltasche f\u00fcr zus\u00e4tzliche Verst\u00e4rkung | Ripp 1&#215;1 cm mit Elastan f\u00fcr mehr Stretch und Stabilit\u00e4t | Klassischer Schnitt, ohne Seitenn\u00e4hte | Heraustrennbares Etikett<\/p>\n","protected":false},"excerpt":{"rendered":"<p>Gesponnenes Garn f\u00fcr ein weiches Tragegef\u00fchl und weniger Pilling | Doppellagige Kapuze mit farblich passendem Kordelzug | Doppeln\u00e4hte an Schultern, Armausschnitt, Kragen, Bund und \u00c4rmelabschluss | Doppelnaht-Beuteltasche f\u00fcr zus\u00e4tzliche Verst\u00e4rkung | Ripp 1&#215;1 cm mit Elastan f\u00fcr mehr Stretch und Stabilit\u00e4t | Klassischer Schnitt, ohne Seitenn\u00e4hte | Heraustrennbares Etikett<\/p>\n","protected":false},"featured_media":1224901,"template":"","meta":[],"product_cat":[99838,100468],"product_tag":[],"_links":{"self":[{"href":"https:\/\/universeproduction.com\/de\/wp-json\/wp\/v2\/product\/1186890"}],"collection":[{"href":"https:\/\/universeproduction.com\/de\/wp-json\/wp\/v2\/product"}],"about":[{"href":"https:\/\/universeproduction.com\/de\/wp-json\/wp\/v2\/types\/product"}],"wp:featuredmedia":[{"embeddable":true,"href":"https:\/\/universeproduction.com\/de\/wp-json\/wp\/v2\/media\/1224901"}],"wp:attachment":[{"href":"https:\/\/universeproduction.com\/de\/wp-json\/wp\/v2\/media?parent=1186890"}],"wp:term":[{"taxonomy":"product_cat","embeddable":true,"href":"https:\/\/universeproduction.com\/de\/wp-json\/wp\/v2\/product_cat?post=1186890"},{"taxonomy":"product_tag","embeddable":true,"href":"https:\/\/universeproduction.com\/de\/wp-json\/wp\/v2\/product_tag?post=1186890"}],"curies":[{"name":"wp","href":"https:\/\/api.w.org\/{rel}","templated":true}]}}