{"id":1186480,"date":"2022-10-10T09:52:50","date_gmt":"2022-10-10T09:52:50","guid":{"rendered":"https:\/\/universeproduction.eu\/product\/mens-authentic-zipped-hood-jacket\/"},"modified":"2022-10-10T09:52:50","modified_gmt":"2022-10-10T09:52:50","slug":"mens-authentic-zipped-hood-jacket","status":"publish","type":"product","link":"https:\/\/universeproduction.com\/de\/produkt\/mens-authentic-zipped-hood-jacket\/","title":{"rendered":"Men\u00b4s Authentic Zipped Hood Jacket"},"content":{"rendered":"<p>Gek\u00e4mmte, ringgesponnene Baumwolle | 3-lagiger Sweatshirt-Stoff | Gerader Schnitt f\u00fcr ein zeitgem\u00e4\u00dfes Erscheinungsbild | Messingfarbener YKK-Rei\u00dfverschluss | Verdeckter Rei\u00dfverschluss f\u00fcr vollfl\u00e4chige Veredelung | Modisch flaches Zugband mit Knopfloch-\u00d6sen | Zugband-F\u00fchrung in der doppellagigen Kapuze | Schlankere Schulterpartie und \u00c4rmel, nach vorne versetzte Schulternaht | Deckn\u00e4hte an Armausschnitten, B\u00fcndchen und Saum | Nackenband in Fischgr\u00e4toptik | Kopfh\u00f6rer-Kabelf\u00fchrung | 3-lagige Konstruktion | Saum und B\u00fcndchen weiter geschnitten<\/p>\n","protected":false},"excerpt":{"rendered":"<p>Gek\u00e4mmte, ringgesponnene Baumwolle | 3-lagiger Sweatshirt-Stoff | Gerader Schnitt f\u00fcr ein zeitgem\u00e4\u00dfes Erscheinungsbild | Messingfarbener YKK-Rei\u00dfverschluss | Verdeckter Rei\u00dfverschluss f\u00fcr vollfl\u00e4chige Veredelung | Modisch flaches Zugband mit Knopfloch-\u00d6sen | Zugband-F\u00fchrung in der doppellagigen Kapuze | Schlankere Schulterpartie und \u00c4rmel, nach vorne versetzte Schulternaht | Deckn\u00e4hte an Armausschnitten, B\u00fcndchen und Saum | Nackenband in Fischgr\u00e4toptik | [&hellip;]<\/p>\n","protected":false},"featured_media":1145888,"template":"","meta":[],"product_cat":[99838,100468],"product_tag":[],"_links":{"self":[{"href":"https:\/\/universeproduction.com\/de\/wp-json\/wp\/v2\/product\/1186480"}],"collection":[{"href":"https:\/\/universeproduction.com\/de\/wp-json\/wp\/v2\/product"}],"about":[{"href":"https:\/\/universeproduction.com\/de\/wp-json\/wp\/v2\/types\/product"}],"wp:featuredmedia":[{"embeddable":true,"href":"https:\/\/universeproduction.com\/de\/wp-json\/wp\/v2\/media\/1145888"}],"wp:attachment":[{"href":"https:\/\/universeproduction.com\/de\/wp-json\/wp\/v2\/media?parent=1186480"}],"wp:term":[{"taxonomy":"product_cat","embeddable":true,"href":"https:\/\/universeproduction.com\/de\/wp-json\/wp\/v2\/product_cat?post=1186480"},{"taxonomy":"product_tag","embeddable":true,"href":"https:\/\/universeproduction.com\/de\/wp-json\/wp\/v2\/product_tag?post=1186480"}],"curies":[{"name":"wp","href":"https:\/\/api.w.org\/{rel}","templated":true}]}}