{"id":1186355,"date":"2022-10-10T09:51:33","date_gmt":"2022-10-10T09:51:33","guid":{"rendered":"https:\/\/universeproduction.eu\/product\/mens-zip-hoodie-spike\/"},"modified":"2022-10-10T09:51:33","modified_gmt":"2022-10-10T09:51:33","slug":"mens-zip-hoodie-spike","status":"publish","type":"product","link":"https:\/\/universeproduction.com\/de\/produkt\/mens-zip-hoodie-spike\/","title":{"rendered":"Men\u00b4s Zip Hoodie Spike"},"content":{"rendered":"<p>Fleece-Material mit geringer Schrumpfung (280) | 80% ringgesponnene Baumwolle \/ 20% Polyester, angeraute Innenseite; Au\u00dfenmaterial: 100% Baumwolle | Eingesetzte \u00c4rmel | 2 K\u00e4ngurutaschen | Geschnitten und gen\u00e4ht | Gef\u00fctterte Kapuze mit Ton-in-Ton-Kordelzug | 2 x 2 gerippte \u00c4rmelabschl\u00fcsse und Saum | Halbmondf\u00f6rmiger Innenkragen | Nackenband | YKK Rei\u00dfverschluss<\/p>\n","protected":false},"excerpt":{"rendered":"<p>Fleece-Material mit geringer Schrumpfung (280) | 80% ringgesponnene Baumwolle \/ 20% Polyester, angeraute Innenseite; Au\u00dfenmaterial: 100% Baumwolle | Eingesetzte \u00c4rmel | 2 K\u00e4ngurutaschen | Geschnitten und gen\u00e4ht | Gef\u00fctterte Kapuze mit Ton-in-Ton-Kordelzug | 2 x 2 gerippte \u00c4rmelabschl\u00fcsse und Saum | Halbmondf\u00f6rmiger Innenkragen | Nackenband | YKK Rei\u00dfverschluss<\/p>\n","protected":false},"featured_media":1224951,"template":"","meta":[],"product_cat":[99838,100468],"product_tag":[],"_links":{"self":[{"href":"https:\/\/universeproduction.com\/de\/wp-json\/wp\/v2\/product\/1186355"}],"collection":[{"href":"https:\/\/universeproduction.com\/de\/wp-json\/wp\/v2\/product"}],"about":[{"href":"https:\/\/universeproduction.com\/de\/wp-json\/wp\/v2\/types\/product"}],"wp:featuredmedia":[{"embeddable":true,"href":"https:\/\/universeproduction.com\/de\/wp-json\/wp\/v2\/media\/1224951"}],"wp:attachment":[{"href":"https:\/\/universeproduction.com\/de\/wp-json\/wp\/v2\/media?parent=1186355"}],"wp:term":[{"taxonomy":"product_cat","embeddable":true,"href":"https:\/\/universeproduction.com\/de\/wp-json\/wp\/v2\/product_cat?post=1186355"},{"taxonomy":"product_tag","embeddable":true,"href":"https:\/\/universeproduction.com\/de\/wp-json\/wp\/v2\/product_tag?post=1186355"}],"curies":[{"name":"wp","href":"https:\/\/api.w.org\/{rel}","templated":true}]}}