{"id":1185849,"date":"2022-10-10T09:45:20","date_gmt":"2022-10-10T09:45:20","guid":{"rendered":"https:\/\/universeproduction.eu\/product\/king-zipped-hood-jacket_\/"},"modified":"2022-10-10T09:45:20","modified_gmt":"2022-10-10T09:45:20","slug":"king-zipped-hood-jacket_","status":"publish","type":"product","link":"https:\/\/universeproduction.com\/de\/produkt\/king-zipped-hood-jacket_\/","title":{"rendered":"KING Zipped Hood Jacket_\u00b0"},"content":{"rendered":"<p>Unisex | Innen geb\u00fcrstetes Fleece | Lange \u00c4rmel | Normale Passform | Einlaufvorbehandelte, ringgesponnene gek\u00e4mmte Baumwolle | Seitenn\u00e4hte | Kapuze mit Single-Jersey-Futter | Flache Zugschnur mit luxuri\u00f6sen Metallspitzen | Qualitativ hochwertiges, langlebiges Nackenband | Verdeckter Rei\u00dfverschluss aus Metall | Single-Jersey-Halbmond im R\u00fccken | Sehr weiches Gewebe mit Pfirsichhauteffekt aus 100% Baumwolle (B&amp;C PST-Technologie) | Glatte, weiche und ebene Oberfl\u00e4che | Weiches Doppel-Satin-Etikett<\/p>\n","protected":false},"excerpt":{"rendered":"<p>Unisex | Innen geb\u00fcrstetes Fleece | Lange \u00c4rmel | Normale Passform | Einlaufvorbehandelte, ringgesponnene gek\u00e4mmte Baumwolle | Seitenn\u00e4hte | Kapuze mit Single-Jersey-Futter | Flache Zugschnur mit luxuri\u00f6sen Metallspitzen | Qualitativ hochwertiges, langlebiges Nackenband | Verdeckter Rei\u00dfverschluss aus Metall | Single-Jersey-Halbmond im R\u00fccken | Sehr weiches Gewebe mit Pfirsichhauteffekt aus 100% Baumwolle (B&amp;C PST-Technologie) | Glatte, [&hellip;]<\/p>\n","protected":false},"featured_media":1224957,"template":"","meta":[],"product_cat":[99838,100468],"product_tag":[],"_links":{"self":[{"href":"https:\/\/universeproduction.com\/de\/wp-json\/wp\/v2\/product\/1185849"}],"collection":[{"href":"https:\/\/universeproduction.com\/de\/wp-json\/wp\/v2\/product"}],"about":[{"href":"https:\/\/universeproduction.com\/de\/wp-json\/wp\/v2\/types\/product"}],"wp:featuredmedia":[{"embeddable":true,"href":"https:\/\/universeproduction.com\/de\/wp-json\/wp\/v2\/media\/1224957"}],"wp:attachment":[{"href":"https:\/\/universeproduction.com\/de\/wp-json\/wp\/v2\/media?parent=1185849"}],"wp:term":[{"taxonomy":"product_cat","embeddable":true,"href":"https:\/\/universeproduction.com\/de\/wp-json\/wp\/v2\/product_cat?post=1185849"},{"taxonomy":"product_tag","embeddable":true,"href":"https:\/\/universeproduction.com\/de\/wp-json\/wp\/v2\/product_tag?post=1185849"}],"curies":[{"name":"wp","href":"https:\/\/api.w.org\/{rel}","templated":true}]}}