{"id":1185029,"date":"2022-10-10T08:42:35","date_gmt":"2022-10-10T08:42:35","guid":{"rendered":"https:\/\/universeproduction.eu\/product\/unisex-sweatshirt-new-supreme\/"},"modified":"2022-10-10T08:42:35","modified_gmt":"2022-10-10T08:42:35","slug":"unisex-sweatshirt-new-supreme","status":"publish","type":"product","link":"https:\/\/universeproduction.com\/de\/produkt\/unisex-sweatshirt-new-supreme\/","title":{"rendered":"Unisex Sweatshirt New Supreme"},"content":{"rendered":"<p>Ringgesponnene Baumwolle | Verst\u00e4rkendes Nackenband, Elasthan-Ripp-B\u00fcndchen, -Kragen und -Saum | Angeraute Fleece-Innenseite | Geschnitten und gen\u00e4ht<\/p>\n","protected":false},"excerpt":{"rendered":"<p>Ringgesponnene Baumwolle | Verst\u00e4rkendes Nackenband, Elasthan-Ripp-B\u00fcndchen, -Kragen und -Saum | Angeraute Fleece-Innenseite | Geschnitten und gen\u00e4ht<\/p>\n","protected":false},"featured_media":1145533,"template":"","meta":[],"product_cat":[99838,100470],"product_tag":[],"_links":{"self":[{"href":"https:\/\/universeproduction.com\/de\/wp-json\/wp\/v2\/product\/1185029"}],"collection":[{"href":"https:\/\/universeproduction.com\/de\/wp-json\/wp\/v2\/product"}],"about":[{"href":"https:\/\/universeproduction.com\/de\/wp-json\/wp\/v2\/types\/product"}],"wp:featuredmedia":[{"embeddable":true,"href":"https:\/\/universeproduction.com\/de\/wp-json\/wp\/v2\/media\/1145533"}],"wp:attachment":[{"href":"https:\/\/universeproduction.com\/de\/wp-json\/wp\/v2\/media?parent=1185029"}],"wp:term":[{"taxonomy":"product_cat","embeddable":true,"href":"https:\/\/universeproduction.com\/de\/wp-json\/wp\/v2\/product_cat?post=1185029"},{"taxonomy":"product_tag","embeddable":true,"href":"https:\/\/universeproduction.com\/de\/wp-json\/wp\/v2\/product_tag?post=1185029"}],"curies":[{"name":"wp","href":"https:\/\/api.w.org\/{rel}","templated":true}]}}