{"id":1184807,"date":"2022-10-10T08:32:59","date_gmt":"2022-10-10T08:32:59","guid":{"rendered":"https:\/\/universeproduction.eu\/product\/the-authentic-sweat\/"},"modified":"2022-10-10T08:32:59","modified_gmt":"2022-10-10T08:32:59","slug":"the-authentic-sweat","status":"publish","type":"product","link":"https:\/\/universeproduction.com\/de\/produkt\/the-authentic-sweat\/","title":{"rendered":"The Authentic Sweat"},"content":{"rendered":"<p>Gek\u00e4mmte, ringgesponnene Baumwolle | 3-lagiger Sweatshirt-Stoff | Angesetzte \u00c4rmel | Gerader Schnitt f\u00fcr ein zeitgem\u00e4\u00dfes Erscheinungsbild | Saum und B\u00fcndchen weiter geschnitten | Schlankere Schulterpartie und \u00c4rmel | Deckn\u00e4hte an Armausschnitten, B\u00fcndchen und Saum | Nackenband in Fischgr\u00e4toptik | Seitenn\u00e4hte f\u00fcr optimale Passform | Luxuri\u00f6ses, 3-lagiges Material f\u00fcr hohen Tragekomfort und exzellente Performance<\/p>\n","protected":false},"excerpt":{"rendered":"<p>Gek\u00e4mmte, ringgesponnene Baumwolle | 3-lagiger Sweatshirt-Stoff | Angesetzte \u00c4rmel | Gerader Schnitt f\u00fcr ein zeitgem\u00e4\u00dfes Erscheinungsbild | Saum und B\u00fcndchen weiter geschnitten | Schlankere Schulterpartie und \u00c4rmel | Deckn\u00e4hte an Armausschnitten, B\u00fcndchen und Saum | Nackenband in Fischgr\u00e4toptik | Seitenn\u00e4hte f\u00fcr optimale Passform | Luxuri\u00f6ses, 3-lagiges Material f\u00fcr hohen Tragekomfort und exzellente Performance<\/p>\n","protected":false},"featured_media":1145476,"template":"","meta":[],"product_cat":[99838,100470],"product_tag":[],"_links":{"self":[{"href":"https:\/\/universeproduction.com\/de\/wp-json\/wp\/v2\/product\/1184807"}],"collection":[{"href":"https:\/\/universeproduction.com\/de\/wp-json\/wp\/v2\/product"}],"about":[{"href":"https:\/\/universeproduction.com\/de\/wp-json\/wp\/v2\/types\/product"}],"wp:featuredmedia":[{"embeddable":true,"href":"https:\/\/universeproduction.com\/de\/wp-json\/wp\/v2\/media\/1145476"}],"wp:attachment":[{"href":"https:\/\/universeproduction.com\/de\/wp-json\/wp\/v2\/media?parent=1184807"}],"wp:term":[{"taxonomy":"product_cat","embeddable":true,"href":"https:\/\/universeproduction.com\/de\/wp-json\/wp\/v2\/product_cat?post=1184807"},{"taxonomy":"product_tag","embeddable":true,"href":"https:\/\/universeproduction.com\/de\/wp-json\/wp\/v2\/product_tag?post=1184807"}],"curies":[{"name":"wp","href":"https:\/\/api.w.org\/{rel}","templated":true}]}}