{"id":1182137,"date":"2022-10-10T06:30:59","date_gmt":"2022-10-10T06:30:59","guid":{"rendered":"https:\/\/universeproduction.eu\/product\/set-in-sweat\/"},"modified":"2022-10-10T06:30:59","modified_gmt":"2022-10-10T06:30:59","slug":"set-in-sweat","status":"publish","type":"product","link":"https:\/\/universeproduction.com\/de\/produkt\/set-in-sweat\/","title":{"rendered":"#Set In Sweat"},"content":{"rendered":"<p>Unisex | French Terry | Lange \u00c4rmel | Rundhalsausschnitt | Normale Passform | Einlaufvorbehandelte, ringgesponnene Baumwolle | Seitenn\u00e4hte | Einfaches Branding: Kein B&amp;C-Etikett | Innen Halbmond aus Single-Jersey auf R\u00fcckseite | Ungeb\u00fcrstete Qualit\u00e4t | Widerstandsf\u00e4hige Qualit\u00e4t | Weiches Handgef\u00fchl | Glatte und ebene Oberfl\u00e4che | In Seitennaht: Weiches Satin-Etikett<\/p>\n","protected":false},"excerpt":{"rendered":"<p>Unisex | French Terry | Lange \u00c4rmel | Rundhalsausschnitt | Normale Passform | Einlaufvorbehandelte, ringgesponnene Baumwolle | Seitenn\u00e4hte | Einfaches Branding: Kein B&amp;C-Etikett | Innen Halbmond aus Single-Jersey auf R\u00fcckseite | Ungeb\u00fcrstete Qualit\u00e4t | Widerstandsf\u00e4hige Qualit\u00e4t | Weiches Handgef\u00fchl | Glatte und ebene Oberfl\u00e4che | In Seitennaht: Weiches Satin-Etikett<\/p>\n","protected":false},"featured_media":1225031,"template":"","meta":[],"product_cat":[99838,100470],"product_tag":[],"_links":{"self":[{"href":"https:\/\/universeproduction.com\/de\/wp-json\/wp\/v2\/product\/1182137"}],"collection":[{"href":"https:\/\/universeproduction.com\/de\/wp-json\/wp\/v2\/product"}],"about":[{"href":"https:\/\/universeproduction.com\/de\/wp-json\/wp\/v2\/types\/product"}],"wp:featuredmedia":[{"embeddable":true,"href":"https:\/\/universeproduction.com\/de\/wp-json\/wp\/v2\/media\/1225031"}],"wp:attachment":[{"href":"https:\/\/universeproduction.com\/de\/wp-json\/wp\/v2\/media?parent=1182137"}],"wp:term":[{"taxonomy":"product_cat","embeddable":true,"href":"https:\/\/universeproduction.com\/de\/wp-json\/wp\/v2\/product_cat?post=1182137"},{"taxonomy":"product_tag","embeddable":true,"href":"https:\/\/universeproduction.com\/de\/wp-json\/wp\/v2\/product_tag?post=1182137"}],"curies":[{"name":"wp","href":"https:\/\/api.w.org\/{rel}","templated":true}]}}