{"id":1180989,"date":"2022-10-07T11:26:17","date_gmt":"2022-10-07T11:26:17","guid":{"rendered":"https:\/\/universeproduction.eu\/product\/mens-polo-shirt-pasadena\/"},"modified":"2022-10-07T11:26:17","modified_gmt":"2022-10-07T11:26:17","slug":"mens-polo-shirt-pasadena","status":"publish","type":"product","link":"https:\/\/universeproduction.com\/de\/produkt\/mens-polo-shirt-pasadena\/","title":{"rendered":"Men\u00b4s Polo Shirt Pasadena"},"content":{"rendered":"<p>100% Ringspinn-Baumwolle | \u00c4rmelb\u00fcndchen und Kragen aus 1&#215;1 Ripp | Verst\u00e4rkendes Nackenband | Kurze \u00c4rmel | Kontrast-Streifen an Kragen und \u00c4rmelb\u00fcndchen | Knopfleiste mit drei Ton-in-Ton Kn\u00f6pfen | Passgenauer Schnitt | Geschnitten und gen\u00e4ht | Seitenschlitze | Ersatzknopf an der Innennaht<\/p>\n","protected":false},"excerpt":{"rendered":"<p>100% Ringspinn-Baumwolle | \u00c4rmelb\u00fcndchen und Kragen aus 1&#215;1 Ripp | Verst\u00e4rkendes Nackenband | Kurze \u00c4rmel | Kontrast-Streifen an Kragen und \u00c4rmelb\u00fcndchen | Knopfleiste mit drei Ton-in-Ton Kn\u00f6pfen | Passgenauer Schnitt | Geschnitten und gen\u00e4ht | Seitenschlitze | Ersatzknopf an der Innennaht<\/p>\n","protected":false},"featured_media":1225063,"template":"","meta":[],"product_cat":[99838,100475,100473],"product_tag":[],"_links":{"self":[{"href":"https:\/\/universeproduction.com\/de\/wp-json\/wp\/v2\/product\/1180989"}],"collection":[{"href":"https:\/\/universeproduction.com\/de\/wp-json\/wp\/v2\/product"}],"about":[{"href":"https:\/\/universeproduction.com\/de\/wp-json\/wp\/v2\/types\/product"}],"wp:featuredmedia":[{"embeddable":true,"href":"https:\/\/universeproduction.com\/de\/wp-json\/wp\/v2\/media\/1225063"}],"wp:attachment":[{"href":"https:\/\/universeproduction.com\/de\/wp-json\/wp\/v2\/media?parent=1180989"}],"wp:term":[{"taxonomy":"product_cat","embeddable":true,"href":"https:\/\/universeproduction.com\/de\/wp-json\/wp\/v2\/product_cat?post=1180989"},{"taxonomy":"product_tag","embeddable":true,"href":"https:\/\/universeproduction.com\/de\/wp-json\/wp\/v2\/product_tag?post=1180989"}],"curies":[{"name":"wp","href":"https:\/\/api.w.org\/{rel}","templated":true}]}}