{"id":1180134,"date":"2022-10-07T11:13:26","date_gmt":"2022-10-07T11:13:26","guid":{"rendered":"https:\/\/universeproduction.eu\/product\/mens-polo-shirt-prime\/"},"modified":"2022-10-19T08:16:35","modified_gmt":"2022-10-19T08:16:35","slug":"mens-polo-shirt-prime","status":"publish","type":"product","link":"https:\/\/universeproduction.com\/de\/produkt\/mens-polo-shirt-prime\/","title":{"rendered":"Men\u00b4s Polo Shirt Prime"},"content":{"rendered":"<p>65% Polyester \/ 35% Ringspun-Baumwolle | \u00c4rmelb\u00fcndchen und Kragen aus 1&#215;1 Ripp | Verst\u00e4rkendes Nackenband | Kurze \u00c4rmel | Knopfleiste mit drei gleichfarbigen Kn\u00f6pfen | Verst\u00e4rkte Schulternaht | Geschnitten und gen\u00e4ht | Ersatzknopf an der Innennaht<\/p>\n","protected":false},"excerpt":{"rendered":"<p>65% Polyester \/ 35% Ringspun-Baumwolle | \u00c4rmelb\u00fcndchen und Kragen aus 1&#215;1 Ripp | Verst\u00e4rkendes Nackenband | Kurze \u00c4rmel | Knopfleiste mit drei gleichfarbigen Kn\u00f6pfen | Verst\u00e4rkte Schulternaht | Geschnitten und gen\u00e4ht | Ersatzknopf an der Innennaht<\/p>\n","protected":false},"featured_media":1143048,"template":"","meta":[],"product_cat":[99838,100474,100473],"product_tag":[],"_links":{"self":[{"href":"https:\/\/universeproduction.com\/de\/wp-json\/wp\/v2\/product\/1180134"}],"collection":[{"href":"https:\/\/universeproduction.com\/de\/wp-json\/wp\/v2\/product"}],"about":[{"href":"https:\/\/universeproduction.com\/de\/wp-json\/wp\/v2\/types\/product"}],"wp:featuredmedia":[{"embeddable":true,"href":"https:\/\/universeproduction.com\/de\/wp-json\/wp\/v2\/media\/1143048"}],"wp:attachment":[{"href":"https:\/\/universeproduction.com\/de\/wp-json\/wp\/v2\/media?parent=1180134"}],"wp:term":[{"taxonomy":"product_cat","embeddable":true,"href":"https:\/\/universeproduction.com\/de\/wp-json\/wp\/v2\/product_cat?post=1180134"},{"taxonomy":"product_tag","embeddable":true,"href":"https:\/\/universeproduction.com\/de\/wp-json\/wp\/v2\/product_tag?post=1180134"}],"curies":[{"name":"wp","href":"https:\/\/api.w.org\/{rel}","templated":true}]}}