{"id":1179847,"date":"2022-10-07T11:10:56","date_gmt":"2022-10-07T11:10:56","guid":{"rendered":"https:\/\/universeproduction.eu\/product\/mens-planet-polo-shirt\/"},"modified":"2022-10-07T11:10:56","modified_gmt":"2022-10-07T11:10:56","slug":"mens-planet-polo-shirt","status":"publish","type":"product","link":"https:\/\/universeproduction.com\/de\/produkt\/mens-planet-polo-shirt\/","title":{"rendered":"Men\u00b4s Planet Polo Shirt"},"content":{"rendered":"<p>Piqu\u00e9 170 | 100% Bio-Baumwolle | Bio-Poloshirt aus Piqu\u00e9 | Regular fit | Seitennaht | 2 Kn\u00f6pfe | Kragen und \u00c4rmelabschl\u00fcsse aus 1&#215;1 Ripp | Kein Label<\/p>\n","protected":false},"excerpt":{"rendered":"<p>Piqu\u00e9 170 | 100% Bio-Baumwolle | Bio-Poloshirt aus Piqu\u00e9 | Regular fit | Seitennaht | 2 Kn\u00f6pfe | Kragen und \u00c4rmelabschl\u00fcsse aus 1&#215;1 Ripp | Kein Label<\/p>\n","protected":false},"featured_media":1225069,"template":"","meta":[],"product_cat":[99838,100474,100473],"product_tag":[],"_links":{"self":[{"href":"https:\/\/universeproduction.com\/de\/wp-json\/wp\/v2\/product\/1179847"}],"collection":[{"href":"https:\/\/universeproduction.com\/de\/wp-json\/wp\/v2\/product"}],"about":[{"href":"https:\/\/universeproduction.com\/de\/wp-json\/wp\/v2\/types\/product"}],"wp:featuredmedia":[{"embeddable":true,"href":"https:\/\/universeproduction.com\/de\/wp-json\/wp\/v2\/media\/1225069"}],"wp:attachment":[{"href":"https:\/\/universeproduction.com\/de\/wp-json\/wp\/v2\/media?parent=1179847"}],"wp:term":[{"taxonomy":"product_cat","embeddable":true,"href":"https:\/\/universeproduction.com\/de\/wp-json\/wp\/v2\/product_cat?post=1179847"},{"taxonomy":"product_tag","embeddable":true,"href":"https:\/\/universeproduction.com\/de\/wp-json\/wp\/v2\/product_tag?post=1179847"}],"curies":[{"name":"wp","href":"https:\/\/api.w.org\/{rel}","templated":true}]}}