{"id":1179389,"date":"2022-10-07T11:06:26","date_gmt":"2022-10-07T11:06:26","guid":{"rendered":"https:\/\/universeproduction.eu\/product\/unisex-polo-safran\/"},"modified":"2022-10-07T11:06:26","modified_gmt":"2022-10-07T11:06:26","slug":"unisex-polo-safran","status":"publish","type":"product","link":"https:\/\/universeproduction.com\/de\/produkt\/unisex-polo-safran\/","title":{"rendered":"Unisex Polo Safran"},"content":{"rendered":"<p>100% einlaufvorbehandelte, gek\u00e4mmte, ringgesponnene Baumwolle | Kragen und B\u00fcndchen in 1&#215;1 Ripp-Strick | Verst\u00e4rkte 3-Knopfleiste mit fixierbarem Einlagenstoff | Farblich abgestimmte Kn\u00f6pfe | Necktape | Seitenn\u00e4hte | B&amp;C Collection ist Mitglied der Fair Wear Foundation<\/p>\n","protected":false},"excerpt":{"rendered":"<p>100% einlaufvorbehandelte, gek\u00e4mmte, ringgesponnene Baumwolle | Kragen und B\u00fcndchen in 1&#215;1 Ripp-Strick | Verst\u00e4rkte 3-Knopfleiste mit fixierbarem Einlagenstoff | Farblich abgestimmte Kn\u00f6pfe | Necktape | Seitenn\u00e4hte | B&amp;C Collection ist Mitglied der Fair Wear Foundation<\/p>\n","protected":false},"featured_media":1225072,"template":"","meta":[],"product_cat":[99838,100474,100473],"product_tag":[],"_links":{"self":[{"href":"https:\/\/universeproduction.com\/de\/wp-json\/wp\/v2\/product\/1179389"}],"collection":[{"href":"https:\/\/universeproduction.com\/de\/wp-json\/wp\/v2\/product"}],"about":[{"href":"https:\/\/universeproduction.com\/de\/wp-json\/wp\/v2\/types\/product"}],"wp:featuredmedia":[{"embeddable":true,"href":"https:\/\/universeproduction.com\/de\/wp-json\/wp\/v2\/media\/1225072"}],"wp:attachment":[{"href":"https:\/\/universeproduction.com\/de\/wp-json\/wp\/v2\/media?parent=1179389"}],"wp:term":[{"taxonomy":"product_cat","embeddable":true,"href":"https:\/\/universeproduction.com\/de\/wp-json\/wp\/v2\/product_cat?post=1179389"},{"taxonomy":"product_tag","embeddable":true,"href":"https:\/\/universeproduction.com\/de\/wp-json\/wp\/v2\/product_tag?post=1179389"}],"curies":[{"name":"wp","href":"https:\/\/api.w.org\/{rel}","templated":true}]}}