{"id":1178296,"date":"2022-10-07T04:44:13","date_gmt":"2022-10-07T04:44:13","guid":{"rendered":"https:\/\/universeproduction.eu\/product\/shawn-henley-long-sleeve\/"},"modified":"2022-10-07T04:44:13","modified_gmt":"2022-10-07T04:44:13","slug":"shawn-henley-long-sleeve","status":"publish","type":"product","link":"https:\/\/universeproduction.com\/de\/produkt\/shawn-henley-long-sleeve\/","title":{"rendered":"Shawn Henley Long Sleeve"},"content":{"rendered":"<p>Weiche Baumwolle aus Slub-Garn mit individueller Kn\u00f6tchenstruktur | Drei Metallkn\u00f6pfe (nickelfrei) | Breite Knopfleiste | Zickzack-Stiche an N\u00e4hten | Nackenband | Ripp-Kragen | Vordere Passe | Kleines Gr\u00f6\u00dfenetikett im Nacken | Pflegeetikett in der Seitennaht | Seitenn\u00e4hte | Waschbar bei 40\u00b0C<\/p>\n","protected":false},"excerpt":{"rendered":"<p>Weiche Baumwolle aus Slub-Garn mit individueller Kn\u00f6tchenstruktur | Drei Metallkn\u00f6pfe (nickelfrei) | Breite Knopfleiste | Zickzack-Stiche an N\u00e4hten | Nackenband | Ripp-Kragen | Vordere Passe | Kleines Gr\u00f6\u00dfenetikett im Nacken | Pflegeetikett in der Seitennaht | Seitenn\u00e4hte | Waschbar bei 40\u00b0C<\/p>\n","protected":false},"featured_media":1142327,"template":"","meta":[],"product_cat":[99838,100177,99852],"product_tag":[],"_links":{"self":[{"href":"https:\/\/universeproduction.com\/de\/wp-json\/wp\/v2\/product\/1178296"}],"collection":[{"href":"https:\/\/universeproduction.com\/de\/wp-json\/wp\/v2\/product"}],"about":[{"href":"https:\/\/universeproduction.com\/de\/wp-json\/wp\/v2\/types\/product"}],"wp:featuredmedia":[{"embeddable":true,"href":"https:\/\/universeproduction.com\/de\/wp-json\/wp\/v2\/media\/1142327"}],"wp:attachment":[{"href":"https:\/\/universeproduction.com\/de\/wp-json\/wp\/v2\/media?parent=1178296"}],"wp:term":[{"taxonomy":"product_cat","embeddable":true,"href":"https:\/\/universeproduction.com\/de\/wp-json\/wp\/v2\/product_cat?post=1178296"},{"taxonomy":"product_tag","embeddable":true,"href":"https:\/\/universeproduction.com\/de\/wp-json\/wp\/v2\/product_tag?post=1178296"}],"curies":[{"name":"wp","href":"https:\/\/api.w.org\/{rel}","templated":true}]}}