{"id":1178043,"date":"2022-10-07T04:41:44","date_gmt":"2022-10-07T04:41:44","guid":{"rendered":"https:\/\/universeproduction.eu\/product\/clive-long-sleeve\/"},"modified":"2022-10-07T04:41:44","modified_gmt":"2022-10-07T04:41:44","slug":"clive-long-sleeve","status":"publish","type":"product","link":"https:\/\/universeproduction.com\/de\/produkt\/clive-long-sleeve\/","title":{"rendered":"Clive Long Sleeve"},"content":{"rendered":"<p>95% gek\u00e4mmte, ringgesponnene Baumwolle \/ 5% Elasthan | Single-Jersey, \u201eFull-Feeder\u201c | Schmaler Kragen | Kontrastfarbenes Nackenband | Schmaler \u00c4rmelsaum | Verst\u00e4rkte Schulternaht | Pflegeetikett in der Seitennaht | Kleines Gr\u00f6\u00dfenetikett im Nacken | Seitenn\u00e4hte | Body Fit<\/p>\n","protected":false},"excerpt":{"rendered":"<p>95% gek\u00e4mmte, ringgesponnene Baumwolle \/ 5% Elasthan | Single-Jersey, \u201eFull-Feeder\u201c | Schmaler Kragen | Kontrastfarbenes Nackenband | Schmaler \u00c4rmelsaum | Verst\u00e4rkte Schulternaht | Pflegeetikett in der Seitennaht | Kleines Gr\u00f6\u00dfenetikett im Nacken | Seitenn\u00e4hte | Body Fit<\/p>\n","protected":false},"featured_media":1142336,"template":"","meta":[],"product_cat":[99838,100177,99852],"product_tag":[],"_links":{"self":[{"href":"https:\/\/universeproduction.com\/de\/wp-json\/wp\/v2\/product\/1178043"}],"collection":[{"href":"https:\/\/universeproduction.com\/de\/wp-json\/wp\/v2\/product"}],"about":[{"href":"https:\/\/universeproduction.com\/de\/wp-json\/wp\/v2\/types\/product"}],"wp:featuredmedia":[{"embeddable":true,"href":"https:\/\/universeproduction.com\/de\/wp-json\/wp\/v2\/media\/1142336"}],"wp:attachment":[{"href":"https:\/\/universeproduction.com\/de\/wp-json\/wp\/v2\/media?parent=1178043"}],"wp:term":[{"taxonomy":"product_cat","embeddable":true,"href":"https:\/\/universeproduction.com\/de\/wp-json\/wp\/v2\/product_cat?post=1178043"},{"taxonomy":"product_tag","embeddable":true,"href":"https:\/\/universeproduction.com\/de\/wp-json\/wp\/v2\/product_tag?post=1178043"}],"curies":[{"name":"wp","href":"https:\/\/api.w.org\/{rel}","templated":true}]}}