{"id":1177856,"date":"2022-10-07T04:39:39","date_gmt":"2022-10-07T04:39:39","guid":{"rendered":"https:\/\/universeproduction.eu\/product\/ultra-cotton-long-sleeve-t-shirt\/"},"modified":"2022-10-07T04:39:39","modified_gmt":"2022-10-07T04:39:39","slug":"ultra-cotton-long-sleeve-t-shirt","status":"publish","type":"product","link":"https:\/\/universeproduction.com\/de\/produkt\/ultra-cotton-long-sleeve-t-shirt\/","title":{"rendered":"Ultra Cotton&#x2122; Long Sleeve T-Shirt"},"content":{"rendered":"<p>Klassisch schwere Qualit\u00e4t | 2,2 cm Ripp-Kragen | Nacken- und Schulterband | Unterer Saum mit Doppelnaht | Gerippte \u00c4rmelb\u00fcndchen | Klassischer Schnitt, ohne Seitenn\u00e4hte | Heraustrennbares Etikett<\/p>\n","protected":false},"excerpt":{"rendered":"<p>Klassisch schwere Qualit\u00e4t | 2,2 cm Ripp-Kragen | Nacken- und Schulterband | Unterer Saum mit Doppelnaht | Gerippte \u00c4rmelb\u00fcndchen | Klassischer Schnitt, ohne Seitenn\u00e4hte | Heraustrennbares Etikett<\/p>\n","protected":false},"featured_media":1225081,"template":"","meta":[],"product_cat":[99838,100177,99852],"product_tag":[],"_links":{"self":[{"href":"https:\/\/universeproduction.com\/de\/wp-json\/wp\/v2\/product\/1177856"}],"collection":[{"href":"https:\/\/universeproduction.com\/de\/wp-json\/wp\/v2\/product"}],"about":[{"href":"https:\/\/universeproduction.com\/de\/wp-json\/wp\/v2\/types\/product"}],"wp:featuredmedia":[{"embeddable":true,"href":"https:\/\/universeproduction.com\/de\/wp-json\/wp\/v2\/media\/1225081"}],"wp:attachment":[{"href":"https:\/\/universeproduction.com\/de\/wp-json\/wp\/v2\/media?parent=1177856"}],"wp:term":[{"taxonomy":"product_cat","embeddable":true,"href":"https:\/\/universeproduction.com\/de\/wp-json\/wp\/v2\/product_cat?post=1177856"},{"taxonomy":"product_tag","embeddable":true,"href":"https:\/\/universeproduction.com\/de\/wp-json\/wp\/v2\/product_tag?post=1177856"}],"curies":[{"name":"wp","href":"https:\/\/api.w.org\/{rel}","templated":true}]}}