{"id":1177491,"date":"2022-10-07T04:35:52","date_gmt":"2022-10-07T04:35:52","guid":{"rendered":"https:\/\/universeproduction.eu\/product\/t-shirt-monarch-long-sleeve\/"},"modified":"2022-10-07T04:35:52","modified_gmt":"2022-10-07T04:35:52","slug":"t-shirt-monarch-long-sleeve","status":"publish","type":"product","link":"https:\/\/universeproduction.com\/de\/produkt\/t-shirt-monarch-long-sleeve\/","title":{"rendered":"T-Shirt Monarch Long Sleeve"},"content":{"rendered":"<p>Halbgek\u00e4mmte Ringspun-Baumwolle | Elasthan Ripp-Strick-Rundhals | Verst\u00e4rkendes Nackenband | \u00c4rmel ohne B\u00fcndchen | Schlauchware<\/p>\n","protected":false},"excerpt":{"rendered":"<p>Halbgek\u00e4mmte Ringspun-Baumwolle | Elasthan Ripp-Strick-Rundhals | Verst\u00e4rkendes Nackenband | \u00c4rmel ohne B\u00fcndchen | Schlauchware<\/p>\n","protected":false},"featured_media":1225087,"template":"","meta":[],"product_cat":[99838,100177,99852],"product_tag":[],"_links":{"self":[{"href":"https:\/\/universeproduction.com\/de\/wp-json\/wp\/v2\/product\/1177491"}],"collection":[{"href":"https:\/\/universeproduction.com\/de\/wp-json\/wp\/v2\/product"}],"about":[{"href":"https:\/\/universeproduction.com\/de\/wp-json\/wp\/v2\/types\/product"}],"wp:featuredmedia":[{"embeddable":true,"href":"https:\/\/universeproduction.com\/de\/wp-json\/wp\/v2\/media\/1225087"}],"wp:attachment":[{"href":"https:\/\/universeproduction.com\/de\/wp-json\/wp\/v2\/media?parent=1177491"}],"wp:term":[{"taxonomy":"product_cat","embeddable":true,"href":"https:\/\/universeproduction.com\/de\/wp-json\/wp\/v2\/product_cat?post=1177491"},{"taxonomy":"product_tag","embeddable":true,"href":"https:\/\/universeproduction.com\/de\/wp-json\/wp\/v2\/product_tag?post=1177491"}],"curies":[{"name":"wp","href":"https:\/\/api.w.org\/{rel}","templated":true}]}}