{"id":1177443,"date":"2022-10-07T04:35:26","date_gmt":"2022-10-07T04:35:26","guid":{"rendered":"https:\/\/universeproduction.eu\/product\/iconic-150-classic-long-sleeve-t\/"},"modified":"2022-10-07T04:35:26","modified_gmt":"2022-10-07T04:35:26","slug":"iconic-150-classic-long-sleeve-t","status":"publish","type":"product","link":"https:\/\/universeproduction.com\/de\/produkt\/iconic-150-classic-long-sleeve-t\/","title":{"rendered":"Iconic 150 Classic Long Sleeve T"},"content":{"rendered":"<p>Gek\u00e4mmte, ringgesponnene Baumwolle | Weiches Handgef\u00fchl | Klassische Passform | Schmaler Rundhalsausschnitt mit 1&#215;1 Ripp | Eigenmaterial-Nackenband | Neues Abrei\u00dfetikett am Nacken<\/p>\n","protected":false},"excerpt":{"rendered":"<p>Gek\u00e4mmte, ringgesponnene Baumwolle | Weiches Handgef\u00fchl | Klassische Passform | Schmaler Rundhalsausschnitt mit 1&#215;1 Ripp | Eigenmaterial-Nackenband | Neues Abrei\u00dfetikett am Nacken<\/p>\n","protected":false},"featured_media":1225090,"template":"","meta":[],"product_cat":[99838,100177,99852],"product_tag":[],"_links":{"self":[{"href":"https:\/\/universeproduction.com\/de\/wp-json\/wp\/v2\/product\/1177443"}],"collection":[{"href":"https:\/\/universeproduction.com\/de\/wp-json\/wp\/v2\/product"}],"about":[{"href":"https:\/\/universeproduction.com\/de\/wp-json\/wp\/v2\/types\/product"}],"wp:featuredmedia":[{"embeddable":true,"href":"https:\/\/universeproduction.com\/de\/wp-json\/wp\/v2\/media\/1225090"}],"wp:attachment":[{"href":"https:\/\/universeproduction.com\/de\/wp-json\/wp\/v2\/media?parent=1177443"}],"wp:term":[{"taxonomy":"product_cat","embeddable":true,"href":"https:\/\/universeproduction.com\/de\/wp-json\/wp\/v2\/product_cat?post=1177443"},{"taxonomy":"product_tag","embeddable":true,"href":"https:\/\/universeproduction.com\/de\/wp-json\/wp\/v2\/product_tag?post=1177443"}],"curies":[{"name":"wp","href":"https:\/\/api.w.org\/{rel}","templated":true}]}}