{"id":1176844,"date":"2022-10-07T04:33:47","date_gmt":"2022-10-07T04:33:47","guid":{"rendered":"https:\/\/universeproduction.eu\/product\/softstyle-long-sleeve-t-shirt\/"},"modified":"2022-10-07T04:33:47","modified_gmt":"2022-10-07T04:33:47","slug":"softstyle-long-sleeve-t-shirt","status":"publish","type":"product","link":"https:\/\/universeproduction.com\/de\/produkt\/softstyle-long-sleeve-t-shirt\/","title":{"rendered":"Softstyle\u00ae Long Sleeve T-Shirt"},"content":{"rendered":"<p>Ringgesponnene Baumwolle | Weiches, ringgesponnenes Material | Hohe Nahtdichte f\u00fcr eine glattere Druckoberfl\u00e4che | 1,6 cm Ripp-Kragen | Nacken- und Schulterband | Doppelnaht an \u00c4rmel und Saum | Eurofit, Seitenn\u00e4hte | Heraustrennbares Etikett<\/p>\n","protected":false},"excerpt":{"rendered":"<p>Ringgesponnene Baumwolle | Weiches, ringgesponnenes Material | Hohe Nahtdichte f\u00fcr eine glattere Druckoberfl\u00e4che | 1,6 cm Ripp-Kragen | Nacken- und Schulterband | Doppelnaht an \u00c4rmel und Saum | Eurofit, Seitenn\u00e4hte | Heraustrennbares Etikett<\/p>\n","protected":false},"featured_media":1225093,"template":"","meta":[],"product_cat":[99838,100177,99852],"product_tag":[],"_links":{"self":[{"href":"https:\/\/universeproduction.com\/de\/wp-json\/wp\/v2\/product\/1176844"}],"collection":[{"href":"https:\/\/universeproduction.com\/de\/wp-json\/wp\/v2\/product"}],"about":[{"href":"https:\/\/universeproduction.com\/de\/wp-json\/wp\/v2\/types\/product"}],"wp:featuredmedia":[{"embeddable":true,"href":"https:\/\/universeproduction.com\/de\/wp-json\/wp\/v2\/media\/1225093"}],"wp:attachment":[{"href":"https:\/\/universeproduction.com\/de\/wp-json\/wp\/v2\/media?parent=1176844"}],"wp:term":[{"taxonomy":"product_cat","embeddable":true,"href":"https:\/\/universeproduction.com\/de\/wp-json\/wp\/v2\/product_cat?post=1176844"},{"taxonomy":"product_tag","embeddable":true,"href":"https:\/\/universeproduction.com\/de\/wp-json\/wp\/v2\/product_tag?post=1176844"}],"curies":[{"name":"wp","href":"https:\/\/api.w.org\/{rel}","templated":true}]}}