{"id":1176477,"date":"2022-09-30T04:58:28","date_gmt":"2022-09-30T04:58:28","guid":{"rendered":"https:\/\/universeproduction.eu\/product\/t-shirt-e190\/"},"modified":"2022-09-30T04:58:28","modified_gmt":"2022-09-30T04:58:28","slug":"t-shirt-e190","status":"publish","type":"product","link":"https:\/\/universeproduction.com\/de\/produkt\/t-shirt-e190\/","title":{"rendered":"T-Shirt #E190"},"content":{"rendered":"<p>100% einlaufvorbehandelte, ringgesponnene Baumwolle | Kurz\u00e4rmeliges T-Shirt in zeitgem\u00e4\u00dfem Look mit unver\u00e4nderter B&amp;C-Stoffqualit\u00e4t (190 g) seit 20 Jahren | Moderne Mainstream-Passform | Schlauchwaren-Ausf\u00fchrung | D\u00fcnne Kragenrippe | Nackenband | Satin-Label | 100% Ringspinn-Baumwolle | Single-Jersey | Einlaufvorbehandelt | Widerstandsf\u00e4hige Qualit\u00e4t | Weiche und ebenm\u00e4\u00dfige Oberfl\u00e4che | B&amp;C Collection ist Mitglied der Fair Wear Foundation<\/p>\n","protected":false},"excerpt":{"rendered":"<p>100% einlaufvorbehandelte, ringgesponnene Baumwolle | Kurz\u00e4rmeliges T-Shirt in zeitgem\u00e4\u00dfem Look mit unver\u00e4nderter B&amp;C-Stoffqualit\u00e4t (190 g) seit 20 Jahren | Moderne Mainstream-Passform | Schlauchwaren-Ausf\u00fchrung | D\u00fcnne Kragenrippe | Nackenband | Satin-Label | 100% Ringspinn-Baumwolle | Single-Jersey | Einlaufvorbehandelt | Widerstandsf\u00e4hige Qualit\u00e4t | Weiche und ebenm\u00e4\u00dfige Oberfl\u00e4che | B&amp;C Collection ist Mitglied der Fair Wear Foundation<\/p>\n","protected":false},"featured_media":773205,"template":"","meta":[],"product_cat":[99838,99853,99852],"product_tag":[],"_links":{"self":[{"href":"https:\/\/universeproduction.com\/de\/wp-json\/wp\/v2\/product\/1176477"}],"collection":[{"href":"https:\/\/universeproduction.com\/de\/wp-json\/wp\/v2\/product"}],"about":[{"href":"https:\/\/universeproduction.com\/de\/wp-json\/wp\/v2\/types\/product"}],"wp:featuredmedia":[{"embeddable":true,"href":"https:\/\/universeproduction.com\/de\/wp-json\/wp\/v2\/media\/773205"}],"wp:attachment":[{"href":"https:\/\/universeproduction.com\/de\/wp-json\/wp\/v2\/media?parent=1176477"}],"wp:term":[{"taxonomy":"product_cat","embeddable":true,"href":"https:\/\/universeproduction.com\/de\/wp-json\/wp\/v2\/product_cat?post=1176477"},{"taxonomy":"product_tag","embeddable":true,"href":"https:\/\/universeproduction.com\/de\/wp-json\/wp\/v2\/product_tag?post=1176477"}],"curies":[{"name":"wp","href":"https:\/\/api.w.org\/{rel}","templated":true}]}}