{"id":1176355,"date":"2022-09-29T13:08:12","date_gmt":"2022-09-29T13:08:12","guid":{"rendered":"https:\/\/universeproduction.eu\/product\/mens-imperial-v-neck-t-shirt\/"},"modified":"2022-09-29T13:08:12","modified_gmt":"2022-09-29T13:08:12","slug":"mens-imperial-v-neck-t-shirt","status":"publish","type":"product","link":"https:\/\/universeproduction.com\/de\/produkt\/mens-imperial-v-neck-t-shirt\/","title":{"rendered":"Men\u00b4s Imperial V-Neck T-Shirt"},"content":{"rendered":"<p>190 Jersey, 100% halbgek\u00e4mmte, ringgesponnene Baumwolle | Nackenband | Ripp-Kragen | V-Ausschnitt | Kurze \u00c4rmel | R\u00f6hrenf\u00f6rmiger Schnitt | Abrei\u00dfetikett<\/p>\n","protected":false},"excerpt":{"rendered":"<p>190 Jersey, 100% halbgek\u00e4mmte, ringgesponnene Baumwolle | Nackenband | Ripp-Kragen | V-Ausschnitt | Kurze \u00c4rmel | R\u00f6hrenf\u00f6rmiger Schnitt | Abrei\u00dfetikett<\/p>\n","protected":false},"featured_media":1225102,"template":"","meta":[],"product_cat":[99838,99853,99852],"product_tag":[],"_links":{"self":[{"href":"https:\/\/universeproduction.com\/de\/wp-json\/wp\/v2\/product\/1176355"}],"collection":[{"href":"https:\/\/universeproduction.com\/de\/wp-json\/wp\/v2\/product"}],"about":[{"href":"https:\/\/universeproduction.com\/de\/wp-json\/wp\/v2\/types\/product"}],"wp:featuredmedia":[{"embeddable":true,"href":"https:\/\/universeproduction.com\/de\/wp-json\/wp\/v2\/media\/1225102"}],"wp:attachment":[{"href":"https:\/\/universeproduction.com\/de\/wp-json\/wp\/v2\/media?parent=1176355"}],"wp:term":[{"taxonomy":"product_cat","embeddable":true,"href":"https:\/\/universeproduction.com\/de\/wp-json\/wp\/v2\/product_cat?post=1176355"},{"taxonomy":"product_tag","embeddable":true,"href":"https:\/\/universeproduction.com\/de\/wp-json\/wp\/v2\/product_tag?post=1176355"}],"curies":[{"name":"wp","href":"https:\/\/api.w.org\/{rel}","templated":true}]}}