{"id":1175649,"date":"2022-09-30T04:53:17","date_gmt":"2022-09-30T04:53:17","guid":{"rendered":"https:\/\/universeproduction.eu\/product\/t-shirt-e150\/"},"modified":"2022-09-30T04:53:17","modified_gmt":"2022-09-30T04:53:17","slug":"t-shirt-e150","status":"publish","type":"product","link":"https:\/\/universeproduction.com\/de\/produkt\/t-shirt-e150\/","title":{"rendered":"T-Shirt #E150"},"content":{"rendered":"<p>100% einlaufvorbehandelte, ringgesponnene Baumwolle | Kurz\u00e4rmeliges T-Shirt in zeitgem\u00e4\u00dfem Look mit unver\u00e4nderter B&amp;C-Stoffqualit\u00e4t (150 g) seit 20 Jahren | Moderne Mainstream-Passform | R\u00f6hrenf\u00f6rmige Konstruktion | D\u00fcnne Kragenrippe | Nackenband | Satin-Label | 100% Ringspinn-Baumwolle | Single-Jersey | Vorgeschrumpft | Widerstandsf\u00e4hige Qualit\u00e4t | Weiche und ebenm\u00e4\u00dfige Oberfl\u00e4che | B&amp;C Collection ist Mitglied der Fair Wear Foundation<\/p>\n","protected":false},"excerpt":{"rendered":"<p>100% einlaufvorbehandelte, ringgesponnene Baumwolle | Kurz\u00e4rmeliges T-Shirt in zeitgem\u00e4\u00dfem Look mit unver\u00e4nderter B&amp;C-Stoffqualit\u00e4t (150 g) seit 20 Jahren | Moderne Mainstream-Passform | R\u00f6hrenf\u00f6rmige Konstruktion | D\u00fcnne Kragenrippe | Nackenband | Satin-Label | 100% Ringspinn-Baumwolle | Single-Jersey | Vorgeschrumpft | Widerstandsf\u00e4hige Qualit\u00e4t | Weiche und ebenm\u00e4\u00dfige Oberfl\u00e4che | B&amp;C Collection ist Mitglied der Fair Wear Foundation<\/p>\n","protected":false},"featured_media":782155,"template":"","meta":[],"product_cat":[99838,99853,99852],"product_tag":[],"_links":{"self":[{"href":"https:\/\/universeproduction.com\/de\/wp-json\/wp\/v2\/product\/1175649"}],"collection":[{"href":"https:\/\/universeproduction.com\/de\/wp-json\/wp\/v2\/product"}],"about":[{"href":"https:\/\/universeproduction.com\/de\/wp-json\/wp\/v2\/types\/product"}],"wp:featuredmedia":[{"embeddable":true,"href":"https:\/\/universeproduction.com\/de\/wp-json\/wp\/v2\/media\/782155"}],"wp:attachment":[{"href":"https:\/\/universeproduction.com\/de\/wp-json\/wp\/v2\/media?parent=1175649"}],"wp:term":[{"taxonomy":"product_cat","embeddable":true,"href":"https:\/\/universeproduction.com\/de\/wp-json\/wp\/v2\/product_cat?post=1175649"},{"taxonomy":"product_tag","embeddable":true,"href":"https:\/\/universeproduction.com\/de\/wp-json\/wp\/v2\/product_tag?post=1175649"}],"curies":[{"name":"wp","href":"https:\/\/api.w.org\/{rel}","templated":true}]}}